{"id":1423,"date":"2025-02-17T14:20:56","date_gmt":"2025-02-17T14:20:56","guid":{"rendered":"https:\/\/acb.ch\/page-daccueil\/"},"modified":"2025-06-23T09:24:26","modified_gmt":"2025-06-23T09:24:26","slug":"page-daccueil","status":"publish","type":"page","link":"https:\/\/acb.ch\/fr\/","title":{"rendered":"Accueil"},"content":{"rendered":"\n<div class=\"wp-block-columns is-layout-flex wp-container-core-columns-is-layout-e82fc9ea wp-block-columns-is-layout-flex\" style=\"margin-top:0;margin-bottom:0;padding-top:0px;padding-right:0px;padding-bottom:0px;padding-left:0px\">\n<div class=\"wp-block-column is-layout-flow wp-block-column-is-layout-flow\">\n<style>\n    #bienne-hero-block_68dadc2c606cb4b98a4355712a01d51a.bienne-hero-block .hero-wrapper .img-hero-section img {\n        max-height: px;\n        height: px;\n    }\n\n    #bienne-hero-block_68dadc2c606cb4b98a4355712a01d51a.img-content-wrapper {\n        background-color: #991838;\n    }\n\n    #bienne-hero-block_68dadc2c606cb4b98a4355712a01d51a.pre-title {\n        color: #991838;\n    }\n\n    @media only screen and (max-width: 1000px) {\n        #bienne-hero-block_68dadc2c606cb4b98a4355712a01d51a.bienne-hero-block .hero-wrapper .img-hero-section img {\n            max-height: px;\n            height: px;\n        }\n    }\n\n    @media only screen and (max-width: 767px) {\n        #bienne-hero-block_68dadc2c606cb4b98a4355712a01d51a.bienne-hero-block .hero-wrapper .img-hero-section img {\n            max-height: px;\n            height: px;\n        }\n    }\n<\/style>\n\n<div class=\"bienne-hero-block hero-with-desc\" id=\"bienne-hero-block_68dadc2c606cb4b98a4355712a01d51a\">\n    <div class=\"hero-wrapper\">\n\n        <div class=\"img-hero-section\">\n                            <img decoding=\"async\" src=\"https:\/\/acb.ch\/wp-content\/uploads\/2025\/04\/header_startseite.jpg\" alt=\"\">\n                    <\/div>\n\n        <div class=\"content-hero-section\">\n                            <div class=\"img-content-wrapper\">\n                    <div class=\"img-content-section\">\n                        <img decoding=\"async\" src=\"https:\/\/acb.ch\/wp-content\/uploads\/2025\/02\/Icon.png\" alt=\"\">\n                    <\/div>\n                <\/div>\n            \n            <div class=\"description-wrapper\">\n                <div class=\"description-section\">\n                                            <h6 class=\"pre-title\">Au C\u0153ur de Bienne SA<\/h6>\n                    \n                                            <h3 class=\"title\">Centre de comp\u00e9tence<br>pour la sant\u00e9 de votre c\u0153ur<\/h3>\n                    \n                                        <span class=\"description\">\n                        <!-- this is wysig -->\n                        <p>Depuis 2024, Au C\u0153ur de Bienne SA propose des soins cardiologiques ambulatoires complets \u00e0 la place de la Gare \u00e0 Bienne. Dans des locaux modernes, nous prenons soin de votre sant\u00e9 et garantissons un suivi continu. Depuis juin 2025, nous proposons \u00e9galement des consultations \u00e0 Malleray-B\u00e9vilard.<\/p>\n                                                    <a href=\"\/fr\/contact\/\" target=\"\">Contactez-nous!<\/a>\n                                            <\/span>\n                                    <\/div>\n            <\/div>\n        <\/div>\n\n    <\/div>\n<\/div>\n\n<script>\n    (function($) {\n        $(document).ready(function() {\n            \/\/ Function to adjust the padding based on content height\n            function adjustHeroPadding() {\n                var contentHeight = $('#bienne-hero-block_68dadc2c606cb4b98a4355712a01d51a .content-hero-section').outerHeight();\n\t\t\t\tvar finalContentHeight = $(window).width() > 768 ? contentHeight * 85 \/ 100 : contentHeight; \n                $('#bienne-hero-block_68dadc2c606cb4b98a4355712a01d51a .hero-wrapper').css('margin-bottom', finalContentHeight + 'px');\n            }\n            \n            \/\/ Run on page load\n            adjustHeroPadding();\n            \n            \/\/ Run on window resize\n            $(window).resize(function() {\n                adjustHeroPadding();\n            });\n        });\n    })(jQuery);\n<\/script><\/div>\n<\/div>\n\n\n\n<div class=\"wp-block-columns section-after-hero is-layout-flex wp-container-core-columns-is-layout-0eee6b5f wp-block-columns-is-layout-flex\" style=\"padding-top:120px;padding-right:0;padding-left:0\">\n<div class=\"wp-block-column is-layout-flow wp-block-column-is-layout-flow\">\n<style>\n    #bienne-grid-block-block_b63005e64ef596fbb9b886c4fdd67057 a.grid-item {\n        background-color: #F6F6F6;\n    }\n\n    #bienne-grid-block-block_b63005e64ef596fbb9b886c4fdd67057 .grid-item .grid-item-content .list-small-img .item-small-img {\n        background-color: #9B1938;\n    }\n\n    #bienne-grid-block-block_b63005e64ef596fbb9b886c4fdd67057 .grid-item .grid-item-content h5 {\n        color: #E40515;\n    }\n<\/style>\n\n<!--contact-->\n<div class=\"bienne-grid-block alignfull\" id=\"bienne-grid-block-block_b63005e64ef596fbb9b886c4fdd67057\">\n                                    <a href=\"\/fr\/a-propos-de-nous\/\" target=\"\" class=\"grid-item with-icon\">\n                <img decoding=\"async\" src=\"https:\/\/acb.ch\/wp-content\/uploads\/2025\/04\/teaser_ueberuns.jpg\" alt=\"\">\n                <div class=\"grid-item-content\">\n                                            <div class=\"list-small-img\">\n                                                    <div class=\"item-small-img\">\n                                <img decoding=\"async\" src=\"https:\/\/acb.ch\/wp-content\/uploads\/2025\/02\/Icon-1.png\" alt=\"\">\n                            <\/div>\n                                                <\/div>\n                                        <h5>\u00c0 propos de nous<\/h5>\n                    <div class=\"description\">\n                        <p>Depuis 2024, Au C\u0153ur de Bienne SA propose des soins cardiologiques ambulatoires complets \u00e0 la place de la Gare \u00e0 Bienne.<\/p>\n                    <\/div>\n                    \n                <\/div>\n            <\/a>\n                                <a href=\"\/fr\/consultations\/\" target=\"\" class=\"grid-item with-icon\">\n                <img decoding=\"async\" src=\"https:\/\/acb.ch\/wp-content\/uploads\/2025\/04\/teaser_sprechstunde.jpg\" alt=\"\">\n                <div class=\"grid-item-content\">\n                                            <div class=\"list-small-img\">\n                                                    <div class=\"item-small-img\">\n                                <img decoding=\"async\" src=\"https:\/\/acb.ch\/wp-content\/uploads\/2025\/02\/Icon-2.png\" alt=\"\">\n                            <\/div>\n                                                <\/div>\n                                        <h5>Heures de consultation<\/h5>\n                    <div class=\"description\">\n                        <p>Notre offre de consultations propose des soins cardiologiques ambulatoires dans un lieu central, avec de nombreuses possibilit\u00e9s de rendez-vous.<\/p>\n                    <\/div>\n                    \n                <\/div>\n            <\/a>\n                                <a href=\"\/fr\/pour-les-patientes\/\" target=\"\" class=\"grid-item with-icon\">\n                <img decoding=\"async\" src=\"https:\/\/acb.ch\/wp-content\/uploads\/2025\/04\/teaser_patienten.jpg\" alt=\"\">\n                <div class=\"grid-item-content\">\n                                            <div class=\"list-small-img\">\n                                                    <div class=\"item-small-img\">\n                                <img decoding=\"async\" src=\"https:\/\/acb.ch\/wp-content\/uploads\/2025\/02\/Icon-3.png\" alt=\"\">\n                            <\/div>\n                                                <\/div>\n                                        <h5>Pour les patient(e)s<\/h5>\n                    <div class=\"description\">\n                        <p>Vous souhaitez vous pr\u00e9parer au mieux pour votre prochain rendez-vous? Vous trouverez ici tout ce qui est important &#8211; de mani\u00e8re compr\u00e9hensible et claire.<\/p>\n                    <\/div>\n                    \n                <\/div>\n            <\/a>\n            <\/div>\n\n\n<style>\n    .bienne-spacer-block#bienne-spacer-block_a43b1d21dbfcd500dfcd45f0cf3cd7ac {\n        height: 140px;\n    }\n\n    @media only screen and (max-width: 768px) {\n\n        .bienne-spacer-block#bienne-spacer-block_a43b1d21dbfcd500dfcd45f0cf3cd7ac {\n            height: 60px;\n        }\n    }\n\n    @media only screen and (max-width: 767px) {\n        .bienne-spacer-block#bienne-spacer-block_a43b1d21dbfcd500dfcd45f0cf3cd7ac {\n            height: 60px;\n        }\n    }\n<\/style>\n\n<div class=\"bienne-spacer-block\" id=\"bienne-spacer-block_a43b1d21dbfcd500dfcd45f0cf3cd7ac\">\n<\/div><\/div>\n<\/div>\n\n\n\n<div class=\"wp-block-columns is-layout-flex wp-container-core-columns-is-layout-28f84493 wp-block-columns-is-layout-flex\">\n<div class=\"wp-block-column is-layout-flow wp-block-column-is-layout-flow\">\n<div class=\"bienne-iframe-block\" id=\"bienne-iframe-block_757ec4eb735c8168f6e728372bd22345\">\n            <iframe loading=\"lazy\" src=\"https:\/\/my.matterport.com\/show\/?m=mM7EoemtUVW&#038;lang=fr\" width=\"100%\" height=\"100%\" allowfullscreen allow=\"autoplay; fullscreen; web-share; xr-spatial-tracking;\"><\/iframe>\n    <\/div><\/div>\n<\/div>\n\n\n\n<div class=\"wp-block-columns is-layout-flex wp-container-core-columns-is-layout-28f84493 wp-block-columns-is-layout-flex\">\n<div class=\"wp-block-column is-layout-flow wp-block-column-is-layout-flow\">\n<style>\n    .bienne-spacer-block#bienne-spacer-block_a43b1d21dbfcd500dfcd45f0cf3cd7ac {\n        height: 140px;\n    }\n\n    @media only screen and (max-width: 768px) {\n\n        .bienne-spacer-block#bienne-spacer-block_a43b1d21dbfcd500dfcd45f0cf3cd7ac {\n            height: 60px;\n        }\n    }\n\n    @media only screen and (max-width: 767px) {\n        .bienne-spacer-block#bienne-spacer-block_a43b1d21dbfcd500dfcd45f0cf3cd7ac {\n            height: 60px;\n        }\n    }\n<\/style>\n\n<div class=\"bienne-spacer-block\" id=\"bienne-spacer-block_a43b1d21dbfcd500dfcd45f0cf3cd7ac\">\n<\/div>\n\n\n<h2 class=\"wp-block-heading has-text-align-center has-black-color has-text-color has-link-color wp-elements-428a9b9b74e22ad1cd5657a0e10340ba\" style=\"font-size:40px;font-style:normal;font-weight:700;line-height:1.2\">ACTUALIT\u00c9S<\/h2>\n\n\n\n<p class=\"has-text-align-center custom-wp-paragraph has-text-color has-link-color wp-elements-06bbe33cfbb4eec2795db4b7c18c72d1\" style=\"color:#e40515;font-size:22px;line-height:1.5\"><a href=\"https:\/\/acb.ch\/fr\/actualites\/\">Tout afficher &gt;<\/a><\/p>\n\n\n\n<style>\n    .bienne-spacer-block#bienne-spacer-block_42285e1916eb3f734c4319c66a5896bf {\n        height: 40px;\n    }\n\n    @media only screen and (max-width: 768px) {\n\n        .bienne-spacer-block#bienne-spacer-block_42285e1916eb3f734c4319c66a5896bf {\n            height: 30px;\n        }\n    }\n\n    @media only screen and (max-width: 767px) {\n        .bienne-spacer-block#bienne-spacer-block_42285e1916eb3f734c4319c66a5896bf {\n            height: 30px;\n        }\n    }\n<\/style>\n\n<div class=\"bienne-spacer-block\" id=\"bienne-spacer-block_42285e1916eb3f734c4319c66a5896bf\">\n<\/div>\n\n\n<style>\n    .bienne-news-block#bienne-news-block_a3c07caffb4673be10914285a07f99fc {\n        gap: px !important;\n    }\n\n    @media only screen and (max-width: 768px) {\n        .bienne-news-block#bienne-news-block_a3c07caffb4673be10914285a07f99fc {\n            gap: px !important;\n        }\n    }\n\n    @media only screen and (max-width: 575px) {\n        .bienne-news-block#bienne-news-block_a3c07caffb4673be10914285a07f99fc {\n            gap: px !important;\n        }\n    }\n<\/style>\n\n<!--contact-->\n<div class=\"bienne-news-block\" id=\"bienne-news-block_a3c07caffb4673be10914285a07f99fc\">\n                <div class=\"news-item\">\n                <a href=\"https:\/\/acb.ch\/fr\/reprise-du-cabinet-du-dr-spieker-a-granges\/\">\n                    <div class=\"news-thumbnail\">\n                        <img decoding=\"async\" src=\"https:\/\/acb.ch\/wp-content\/uploads\/2025\/02\/Icon.png\" srcset=\"https:\/\/acb.ch\/wp-content\/uploads\/2025\/02\/Icon.png 454w, https:\/\/acb.ch\/wp-content\/uploads\/2025\/02\/Icon-300x260.png 300w\" sizes=\"(max-width: 454px) 100vw, 454px\" alt=\"Accueil\">\n                    <\/div>\n                    <div class=\"news-content\">\n                        <div class=\"news-title\">\n                            <h3>Reprise du cabinet du Dr. Spieker \u00e0 Granges<\/h3>\n                        <\/div>\n                        <div class=\"news-excerpt\">\n                            \nNous avons le plaisir de vous annoncer que le cabinet de cardiologie situ\u00e9 \u00e0 la Kirchstrasse 1 \u00e0 Granges rejoindra, \u00e0 p&#8230;                        <\/div>\n                    <\/div>\n                <\/a>\n            <\/div>\n\n                <div class=\"news-item\">\n                <a href=\"https:\/\/acb.ch\/fr\/informations-du-cabinet\/\">\n                    <div class=\"news-thumbnail\">\n                        <img decoding=\"async\" src=\"https:\/\/acb.ch\/wp-content\/uploads\/2025\/08\/Au-Coeur-de-Bienne-SA-Mallerey-Bevilard-entree-1er-etage-scaled.jpg\" srcset=\"https:\/\/acb.ch\/wp-content\/uploads\/2025\/08\/Au-Coeur-de-Bienne-SA-Mallerey-Bevilard-entree-1er-etage-scaled.jpg 2048w, https:\/\/acb.ch\/wp-content\/uploads\/2025\/08\/Au-Coeur-de-Bienne-SA-Mallerey-Bevilard-entree-1er-etage-300x225.jpg 300w, https:\/\/acb.ch\/wp-content\/uploads\/2025\/08\/Au-Coeur-de-Bienne-SA-Mallerey-Bevilard-entree-1er-etage-1024x768.jpg 1024w, https:\/\/acb.ch\/wp-content\/uploads\/2025\/08\/Au-Coeur-de-Bienne-SA-Mallerey-Bevilard-entree-1er-etage-768x576.jpg 768w, https:\/\/acb.ch\/wp-content\/uploads\/2025\/08\/Au-Coeur-de-Bienne-SA-Mallerey-Bevilard-entree-1er-etage-1536x1152.jpg 1536w, https:\/\/acb.ch\/wp-content\/uploads\/2025\/08\/Au-Coeur-de-Bienne-SA-Mallerey-Bevilard-entree-1er-etage-500x375.jpg 500w\" sizes=\"(max-width: 2048px) 100vw, 2048px\" alt=\"Accueil\">\n                    <\/div>\n                    <div class=\"news-content\">\n                        <div class=\"news-title\">\n                            <h3>Ouverture du cabinet Au C\u0153ur de Bienne sur un nouveau site<\/h3>\n                        <\/div>\n                        <div class=\"news-excerpt\">\n                            \nDepuis juin 2025, nous avons repris le cabinet du Dr. Olivier Spycher. Le cabinet est situ\u00e9 \u00e0 la Rue Principale 14, 273&#8230;                        <\/div>\n                    <\/div>\n                <\/a>\n            <\/div>\n\n                <div class=\"news-item\">\n                <a href=\"https:\/\/acb.ch\/fr\/informations-du-cabinet-2\/\">\n                    <div class=\"news-thumbnail\">\n                        <img decoding=\"async\" src=\"https:\/\/acb.ch\/wp-content\/uploads\/2025\/07\/beach-3121393_1920.png\" srcset=\"https:\/\/acb.ch\/wp-content\/uploads\/2025\/07\/beach-3121393_1920.png 1920w, https:\/\/acb.ch\/wp-content\/uploads\/2025\/07\/beach-3121393_1920-300x212.png 300w, https:\/\/acb.ch\/wp-content\/uploads\/2025\/07\/beach-3121393_1920-1024x724.png 1024w, https:\/\/acb.ch\/wp-content\/uploads\/2025\/07\/beach-3121393_1920-768x543.png 768w, https:\/\/acb.ch\/wp-content\/uploads\/2025\/07\/beach-3121393_1920-1536x1086.png 1536w\" sizes=\"(max-width: 1920px) 100vw, 1920px\" alt=\"Accueil\">\n                    <\/div>\n                    <div class=\"news-content\">\n                        <div class=\"news-title\">\n                            <h3>Informations du cabinet<\/h3>\n                        <\/div>\n                        <div class=\"news-excerpt\">\n                            \nNotre cabinet \u00e0 Malleray-B\u00e9vilard sera ferm\u00e9 pour les vacances d&rsquo;\u00e9t\u00e9 du 17.07.2025 au 05.08.2025.\n\n\n\nLes consultations &#8230;                        <\/div>\n                    <\/div>\n                <\/a>\n            <\/div>\n\n    <\/div><\/div>\n<\/div>\n","protected":false},"excerpt":{"rendered":"<p>ACTUALIT\u00c9S Tout afficher &gt;<\/p>\n","protected":false},"author":3,"featured_media":0,"parent":0,"menu_order":0,"comment_status":"closed","ping_status":"closed","template":"","meta":{"_acf_changed":false,"footnotes":""},"class_list":["post-1423","page","type-page","status-publish","hentry"],"acf":[],"_links":{"self":[{"href":"https:\/\/acb.ch\/fr\/wp-json\/wp\/v2\/pages\/1423","targetHints":{"allow":["GET"]}}],"collection":[{"href":"https:\/\/acb.ch\/fr\/wp-json\/wp\/v2\/pages"}],"about":[{"href":"https:\/\/acb.ch\/fr\/wp-json\/wp\/v2\/types\/page"}],"author":[{"embeddable":true,"href":"https:\/\/acb.ch\/fr\/wp-json\/wp\/v2\/users\/3"}],"replies":[{"embeddable":true,"href":"https:\/\/acb.ch\/fr\/wp-json\/wp\/v2\/comments?post=1423"}],"version-history":[{"count":2,"href":"https:\/\/acb.ch\/fr\/wp-json\/wp\/v2\/pages\/1423\/revisions"}],"predecessor-version":[{"id":1952,"href":"https:\/\/acb.ch\/fr\/wp-json\/wp\/v2\/pages\/1423\/revisions\/1952"}],"wp:attachment":[{"href":"https:\/\/acb.ch\/fr\/wp-json\/wp\/v2\/media?parent=1423"}],"curies":[{"name":"wp","href":"https:\/\/api.w.org\/{rel}","templated":true}]}}