{"id":1425,"date":"2025-02-20T07:10:35","date_gmt":"2025-02-20T07:10:35","guid":{"rendered":"https:\/\/acb.ch\/actualites\/"},"modified":"2025-05-14T11:24:11","modified_gmt":"2025-05-14T11:24:11","slug":"actualites","status":"publish","type":"page","link":"https:\/\/acb.ch\/fr\/actualites\/","title":{"rendered":"Actualit\u00e9s"},"content":{"rendered":"\n<div class=\"wp-block-columns is-layout-flex wp-container-core-columns-is-layout-28f84493 wp-block-columns-is-layout-flex\">\n<div class=\"wp-block-column is-layout-flow wp-block-column-is-layout-flow\">\n<style>\n    #bienne-hero-block_8480722e959d1d22c2a06b26603f6504.bienne-hero-block .hero-wrapper .img-hero-section img {\n        max-height: 545px;\n        height: 545px;\n    }\n\n    #bienne-hero-block_8480722e959d1d22c2a06b26603f6504.img-content-wrapper {\n        background-color: #991838;\n    }\n\n    #bienne-hero-block_8480722e959d1d22c2a06b26603f6504.pre-title {\n        color: #991838;\n    }\n\n    @media only screen and (max-width: 1000px) {\n        #bienne-hero-block_8480722e959d1d22c2a06b26603f6504.bienne-hero-block .hero-wrapper .img-hero-section img {\n            max-height: 375px;\n            height: 375px;\n        }\n    }\n\n    @media only screen and (max-width: 767px) {\n        #bienne-hero-block_8480722e959d1d22c2a06b26603f6504.bienne-hero-block .hero-wrapper .img-hero-section img {\n            max-height: 320px;\n            height: 320px;\n        }\n    }\n<\/style>\n\n<div class=\"bienne-hero-block\" id=\"bienne-hero-block_8480722e959d1d22c2a06b26603f6504\">\n    <div class=\"hero-wrapper\">\n\n        <div class=\"img-hero-section\">\n                            <img decoding=\"async\" src=\"https:\/\/acb.ch\/wp-content\/uploads\/2025\/04\/header_aktuelles.jpg\" alt=\"\">\n                    <\/div>\n\n        <div class=\"content-hero-section\">\n            \n            <div class=\"description-wrapper\">\n                <div class=\"description-section\">\n                                            <h6 class=\"pre-title\">Restez inform\u00e9<\/h6>\n                    \n                                            <h3 class=\"title\">Actualit\u00e9s<\/h3>\n                    \n                                    <\/div>\n            <\/div>\n        <\/div>\n\n    <\/div>\n<\/div>\n\n<script>\n    (function($) {\n        $(document).ready(function() {\n            \/\/ Function to adjust the padding based on content height\n            function adjustHeroPadding() {\n                var contentHeight = $('#bienne-hero-block_8480722e959d1d22c2a06b26603f6504 .content-hero-section').outerHeight();\n\t\t\t\tvar finalContentHeight = $(window).width() > 768 ? contentHeight * 85 \/ 100 : contentHeight; \n                $('#bienne-hero-block_8480722e959d1d22c2a06b26603f6504 .hero-wrapper').css('margin-bottom', finalContentHeight + 'px');\n            }\n            \n            \/\/ Run on page load\n            adjustHeroPadding();\n            \n            \/\/ Run on window resize\n            $(window).resize(function() {\n                adjustHeroPadding();\n            });\n        });\n    })(jQuery);\n<\/script><\/div>\n<\/div>\n\n\n\n<div class=\"wp-block-columns section-after-hero is-layout-flex wp-container-core-columns-is-layout-1b9ddfd6 wp-block-columns-is-layout-flex\" style=\"padding-top:120px\">\n<div class=\"wp-block-column is-layout-flow wp-block-column-is-layout-flow\">\n<style>\n    .bienne-news-block#bienne-news-block_3230e9949468efd1218bf0a9c6847838 {\n        gap: px !important;\n    }\n\n    @media only screen and (max-width: 768px) {\n        .bienne-news-block#bienne-news-block_3230e9949468efd1218bf0a9c6847838 {\n            gap: px !important;\n        }\n    }\n\n    @media only screen and (max-width: 575px) {\n        .bienne-news-block#bienne-news-block_3230e9949468efd1218bf0a9c6847838 {\n            gap: px !important;\n        }\n    }\n<\/style>\n\n<!--contact-->\n<div class=\"bienne-news-block section-after-hero\" id=\"bienne-news-block_3230e9949468efd1218bf0a9c6847838\">\n                <div class=\"news-item\">\n                <a href=\"https:\/\/acb.ch\/fr\/reprise-du-cabinet-du-dr-spieker-a-granges\/\">\n                    <div class=\"news-thumbnail\">\n                        <img decoding=\"async\" src=\"https:\/\/acb.ch\/wp-content\/uploads\/2025\/02\/Icon.png\" srcset=\"https:\/\/acb.ch\/wp-content\/uploads\/2025\/02\/Icon.png 454w, https:\/\/acb.ch\/wp-content\/uploads\/2025\/02\/Icon-300x260.png 300w\" sizes=\"(max-width: 454px) 100vw, 454px\" alt=\"Actualit\u00e9s\">\n                    <\/div>\n                    <div class=\"news-content\">\n                        <div class=\"news-title\">\n                            <h3>Reprise du cabinet du Dr. Spieker \u00e0 Granges<\/h3>\n                        <\/div>\n                        <div class=\"news-excerpt\">\n                            \nNous avons le plaisir de vous annoncer que le cabinet de cardiologie situ\u00e9 \u00e0 la Kirchstrasse 1 \u00e0 Granges rejoindra, \u00e0 p&#8230;                        <\/div>\n                    <\/div>\n                <\/a>\n            <\/div>\n\n                <div class=\"news-item\">\n                <a href=\"https:\/\/acb.ch\/fr\/informations-du-cabinet\/\">\n                    <div class=\"news-thumbnail\">\n                        <img decoding=\"async\" src=\"https:\/\/acb.ch\/wp-content\/uploads\/2025\/08\/Au-Coeur-de-Bienne-SA-Mallerey-Bevilard-entree-1er-etage-scaled.jpg\" srcset=\"https:\/\/acb.ch\/wp-content\/uploads\/2025\/08\/Au-Coeur-de-Bienne-SA-Mallerey-Bevilard-entree-1er-etage-scaled.jpg 2048w, https:\/\/acb.ch\/wp-content\/uploads\/2025\/08\/Au-Coeur-de-Bienne-SA-Mallerey-Bevilard-entree-1er-etage-300x225.jpg 300w, https:\/\/acb.ch\/wp-content\/uploads\/2025\/08\/Au-Coeur-de-Bienne-SA-Mallerey-Bevilard-entree-1er-etage-1024x768.jpg 1024w, https:\/\/acb.ch\/wp-content\/uploads\/2025\/08\/Au-Coeur-de-Bienne-SA-Mallerey-Bevilard-entree-1er-etage-768x576.jpg 768w, https:\/\/acb.ch\/wp-content\/uploads\/2025\/08\/Au-Coeur-de-Bienne-SA-Mallerey-Bevilard-entree-1er-etage-1536x1152.jpg 1536w, https:\/\/acb.ch\/wp-content\/uploads\/2025\/08\/Au-Coeur-de-Bienne-SA-Mallerey-Bevilard-entree-1er-etage-500x375.jpg 500w\" sizes=\"(max-width: 2048px) 100vw, 2048px\" alt=\"Actualit\u00e9s\">\n                    <\/div>\n                    <div class=\"news-content\">\n                        <div class=\"news-title\">\n                            <h3>Ouverture du cabinet Au C\u0153ur de Bienne sur un nouveau site<\/h3>\n                        <\/div>\n                        <div class=\"news-excerpt\">\n                            \nDepuis juin 2025, nous avons repris le cabinet du Dr. Olivier Spycher. Le cabinet est situ\u00e9 \u00e0 la Rue Principale 14, 273&#8230;                        <\/div>\n                    <\/div>\n                <\/a>\n            <\/div>\n\n                <div class=\"news-item\">\n                <a href=\"https:\/\/acb.ch\/fr\/informations-du-cabinet-2\/\">\n                    <div class=\"news-thumbnail\">\n                        <img decoding=\"async\" src=\"https:\/\/acb.ch\/wp-content\/uploads\/2025\/07\/beach-3121393_1920.png\" srcset=\"https:\/\/acb.ch\/wp-content\/uploads\/2025\/07\/beach-3121393_1920.png 1920w, https:\/\/acb.ch\/wp-content\/uploads\/2025\/07\/beach-3121393_1920-300x212.png 300w, https:\/\/acb.ch\/wp-content\/uploads\/2025\/07\/beach-3121393_1920-1024x724.png 1024w, https:\/\/acb.ch\/wp-content\/uploads\/2025\/07\/beach-3121393_1920-768x543.png 768w, https:\/\/acb.ch\/wp-content\/uploads\/2025\/07\/beach-3121393_1920-1536x1086.png 1536w\" sizes=\"(max-width: 1920px) 100vw, 1920px\" alt=\"Actualit\u00e9s\">\n                    <\/div>\n                    <div class=\"news-content\">\n                        <div class=\"news-title\">\n                            <h3>Informations du cabinet<\/h3>\n                        <\/div>\n                        <div class=\"news-excerpt\">\n                            \nNotre cabinet \u00e0 Malleray-B\u00e9vilard sera ferm\u00e9 pour les vacances d&rsquo;\u00e9t\u00e9 du 17.07.2025 au 05.08.2025.\n\n\n\nLes consultations &#8230;                        <\/div>\n                    <\/div>\n                <\/a>\n            <\/div>\n\n                <div class=\"news-item\">\n                <a href=\"https:\/\/acb.ch\/fr\/sante-cardiaque\/\">\n                    <div class=\"news-thumbnail\">\n                        <img decoding=\"async\" src=\"https:\/\/acb.ch\/wp-content\/uploads\/2025\/04\/herzgesundheit.jpg\" srcset=\"https:\/\/acb.ch\/wp-content\/uploads\/2025\/04\/herzgesundheit.jpg 800w, https:\/\/acb.ch\/wp-content\/uploads\/2025\/04\/herzgesundheit-300x225.jpg 300w, https:\/\/acb.ch\/wp-content\/uploads\/2025\/04\/herzgesundheit-768x576.jpg 768w, https:\/\/acb.ch\/wp-content\/uploads\/2025\/04\/herzgesundheit-500x375.jpg 500w\" sizes=\"(max-width: 800px) 100vw, 800px\" alt=\"Actualit\u00e9s\">\n                    <\/div>\n                    <div class=\"news-content\">\n                        <div class=\"news-title\">\n                            <h3>Sant\u00e9 cardiaque<\/h3>\n                        <\/div>\n                        <div class=\"news-excerpt\">\n                            \nDans cette vid\u00e9o inspirante sur YouTube, le Dr. Stadelmann, cardiologue dans notre \u00e9quipe, partage des approches global&#8230;                        <\/div>\n                    <\/div>\n                <\/a>\n            <\/div>\n\n                <div class=\"news-item\">\n                <a href=\"https:\/\/acb.ch\/fr\/comment-nous-trouver\/\">\n                    <div class=\"news-thumbnail\">\n                        <img decoding=\"async\" src=\"https:\/\/acb.ch\/wp-content\/uploads\/2025\/04\/wegbeschreibung.jpg\" srcset=\"https:\/\/acb.ch\/wp-content\/uploads\/2025\/04\/wegbeschreibung.jpg 800w, https:\/\/acb.ch\/wp-content\/uploads\/2025\/04\/wegbeschreibung-300x225.jpg 300w, https:\/\/acb.ch\/wp-content\/uploads\/2025\/04\/wegbeschreibung-768x576.jpg 768w, https:\/\/acb.ch\/wp-content\/uploads\/2025\/04\/wegbeschreibung-500x375.jpg 500w\" sizes=\"(max-width: 800px) 100vw, 800px\" alt=\"Actualit\u00e9s\">\n                    <\/div>\n                    <div class=\"news-content\">\n                        <div class=\"news-title\">\n                            <h3>Comment nous trouver<\/h3>\n                        <\/div>\n                        <div class=\"news-excerpt\">\n                            \nNotre cabinet se trouve au 3e \u00e9tage du b\u00e2timent MEDIN LaTour, place de la Gare 2a\/b. L&rsquo;entr\u00e9e du b\u00e2timent se trouve dan&#8230;                        <\/div>\n                    <\/div>\n                <\/a>\n            <\/div>\n\n                <div class=\"news-item\">\n                <a href=\"https:\/\/acb.ch\/fr\/lasant-stop-tabac\/\">\n                    <div class=\"news-thumbnail\">\n                        <img decoding=\"async\" src=\"https:\/\/acb.ch\/wp-content\/uploads\/2025\/04\/lasant-stop-tubac.jpg\" srcset=\"https:\/\/acb.ch\/wp-content\/uploads\/2025\/04\/lasant-stop-tubac.jpg 800w, https:\/\/acb.ch\/wp-content\/uploads\/2025\/04\/lasant-stop-tubac-300x225.jpg 300w, https:\/\/acb.ch\/wp-content\/uploads\/2025\/04\/lasant-stop-tubac-768x576.jpg 768w, https:\/\/acb.ch\/wp-content\/uploads\/2025\/04\/lasant-stop-tubac-500x375.jpg 500w\" sizes=\"(max-width: 800px) 100vw, 800px\" alt=\"Actualit\u00e9s\">\n                    <\/div>\n                    <div class=\"news-content\">\n                        <div class=\"news-title\">\n                            <h3>LasanT Stop Tabac<\/h3>\n                        <\/div>\n                        <div class=\"news-excerpt\">\n                            \nDans notre cabinet Au C\u0153ur de Bienne, situ\u00e9 au centre du b\u00e2timent MEDIN LaTour, juste \u00e0 c\u00f4t\u00e9 de la gare de Bienne, les &#8230;                        <\/div>\n                    <\/div>\n                <\/a>\n            <\/div>\n\n                <div class=\"news-item\">\n                <a href=\"https:\/\/acb.ch\/fr\/etre-en-bonne-sante-cest-tout\/\">\n                    <div class=\"news-thumbnail\">\n                        <img decoding=\"async\" src=\"https:\/\/acb.ch\/wp-content\/uploads\/2025\/04\/gesundheit.jpg\" srcset=\"https:\/\/acb.ch\/wp-content\/uploads\/2025\/04\/gesundheit.jpg 800w, https:\/\/acb.ch\/wp-content\/uploads\/2025\/04\/gesundheit-300x225.jpg 300w, https:\/\/acb.ch\/wp-content\/uploads\/2025\/04\/gesundheit-768x576.jpg 768w, https:\/\/acb.ch\/wp-content\/uploads\/2025\/04\/gesundheit-500x375.jpg 500w\" sizes=\"(max-width: 800px) 100vw, 800px\" alt=\"Actualit\u00e9s\">\n                    <\/div>\n                    <div class=\"news-content\">\n                        <div class=\"news-title\">\n                            <h3>\u00catre en bonne sant\u00e9, c&rsquo;est tout<\/h3>\n                        <\/div>\n                        <div class=\"news-excerpt\">\n                            \nAvec le programme CorFIT, le Centre hospitalier Bienne propose une r\u00e9\u00e9ducation cardiaque compl\u00e8te aux patients ayant su&#8230;                        <\/div>\n                    <\/div>\n                <\/a>\n            <\/div>\n\n                <div class=\"news-item\">\n                <a href=\"https:\/\/acb.ch\/fr\/stimulateur-cardiaque-de-derniere-generation\/\">\n                    <div class=\"news-thumbnail\">\n                        <img decoding=\"async\" src=\"https:\/\/acb.ch\/wp-content\/uploads\/2025\/04\/herzschittmacher.jpg\" srcset=\"https:\/\/acb.ch\/wp-content\/uploads\/2025\/04\/herzschittmacher.jpg 800w, https:\/\/acb.ch\/wp-content\/uploads\/2025\/04\/herzschittmacher-300x225.jpg 300w, https:\/\/acb.ch\/wp-content\/uploads\/2025\/04\/herzschittmacher-768x576.jpg 768w, https:\/\/acb.ch\/wp-content\/uploads\/2025\/04\/herzschittmacher-500x375.jpg 500w\" sizes=\"(max-width: 800px) 100vw, 800px\" alt=\"Actualit\u00e9s\">\n                    <\/div>\n                    <div class=\"news-content\">\n                        <div class=\"news-title\">\n                            <h3>Stimulateur cardiaque de derni\u00e8re g\u00e9n\u00e9ration<\/h3>\n                        <\/div>\n                        <div class=\"news-excerpt\">\n                            \nLes derni\u00e8res g\u00e9n\u00e9rations de stimulateurs cardiaques se distinguent par leur technologie sans fil. Ces minuscules appar&#8230;                        <\/div>\n                    <\/div>\n                <\/a>\n            <\/div>\n\n    <\/div><\/div>\n<\/div>\n","protected":false},"excerpt":{"rendered":"","protected":false},"author":3,"featured_media":0,"parent":0,"menu_order":0,"comment_status":"closed","ping_status":"closed","template":"","meta":{"_acf_changed":false,"footnotes":""},"class_list":["post-1425","page","type-page","status-publish","hentry"],"acf":[],"_links":{"self":[{"href":"https:\/\/acb.ch\/fr\/wp-json\/wp\/v2\/pages\/1425","targetHints":{"allow":["GET"]}}],"collection":[{"href":"https:\/\/acb.ch\/fr\/wp-json\/wp\/v2\/pages"}],"about":[{"href":"https:\/\/acb.ch\/fr\/wp-json\/wp\/v2\/types\/page"}],"author":[{"embeddable":true,"href":"https:\/\/acb.ch\/fr\/wp-json\/wp\/v2\/users\/3"}],"replies":[{"embeddable":true,"href":"https:\/\/acb.ch\/fr\/wp-json\/wp\/v2\/comments?post=1425"}],"version-history":[{"count":1,"href":"https:\/\/acb.ch\/fr\/wp-json\/wp\/v2\/pages\/1425\/revisions"}],"predecessor-version":[{"id":1841,"href":"https:\/\/acb.ch\/fr\/wp-json\/wp\/v2\/pages\/1425\/revisions\/1841"}],"wp:attachment":[{"href":"https:\/\/acb.ch\/fr\/wp-json\/wp\/v2\/media?parent=1425"}],"curies":[{"name":"wp","href":"https:\/\/api.w.org\/{rel}","templated":true}]}}