{"id":1429,"date":"2025-02-26T09:20:25","date_gmt":"2025-02-26T09:20:25","guid":{"rendered":"https:\/\/acb.ch\/offre-de-consultations\/"},"modified":"2025-09-02T08:08:08","modified_gmt":"2025-09-02T08:08:08","slug":"consultations","status":"publish","type":"page","link":"https:\/\/acb.ch\/fr\/consultations\/","title":{"rendered":"Consultations"},"content":{"rendered":"\n<div class=\"wp-block-columns is-layout-flex wp-container-core-columns-is-layout-28f84493 wp-block-columns-is-layout-flex\">\n<div class=\"wp-block-column is-layout-flow wp-block-column-is-layout-flow\">\n<style>\n    #bienne-hero-block_30d23b0a37668d4c8debec67153aeed3.bienne-hero-block .hero-wrapper .img-hero-section img {\n        max-height: 545px;\n        height: 545px;\n    }\n\n    #bienne-hero-block_30d23b0a37668d4c8debec67153aeed3.img-content-wrapper {\n        background-color: #991838;\n    }\n\n    #bienne-hero-block_30d23b0a37668d4c8debec67153aeed3.pre-title {\n        color: #991838;\n    }\n\n    @media only screen and (max-width: 1000px) {\n        #bienne-hero-block_30d23b0a37668d4c8debec67153aeed3.bienne-hero-block .hero-wrapper .img-hero-section img {\n            max-height: 375px;\n            height: 375px;\n        }\n    }\n\n    @media only screen and (max-width: 767px) {\n        #bienne-hero-block_30d23b0a37668d4c8debec67153aeed3.bienne-hero-block .hero-wrapper .img-hero-section img {\n            max-height: 320px;\n            height: 320px;\n        }\n    }\n<\/style>\n\n<div class=\"bienne-hero-block hero-with-desc\" id=\"bienne-hero-block_30d23b0a37668d4c8debec67153aeed3\">\n    <div class=\"hero-wrapper\">\n\n        <div class=\"img-hero-section\">\n                            <img decoding=\"async\" src=\"https:\/\/acb.ch\/wp-content\/uploads\/2025\/04\/header_sprechstundenangebot.jpg\" alt=\"\">\n                    <\/div>\n\n        <div class=\"content-hero-section\">\n            \n            <div class=\"description-wrapper\">\n                <div class=\"description-section\">\n                                            <h6 class=\"pre-title\">Au C\u0153ur de Bienne SA<\/h6>\n                    \n                                            <h3 class=\"title\">Consultations<\/h3>\n                    \n                                        <span class=\"description\">\n                        <!-- this is wysig -->\n                        <p>L&rsquo;offre de consultations du Centre de comp\u00e9tence pour la sant\u00e9 de votre c<span class=\"description\">\u0153<\/span>ur propose des soins cardiologiques ambulatoires situ\u00e9s au centre-ville, avec de nombreuses possibilit\u00e9s de rendez-vous. Plusieurs m\u00e9decins sp\u00e9cialistes sont disponibles et parlent diff\u00e9rentes langues (allemand, fran\u00e7ais, italien, anglais, polonais, espagnol).<\/p>\n                                            <\/span>\n                                    <\/div>\n            <\/div>\n        <\/div>\n\n    <\/div>\n<\/div>\n\n<script>\n    (function($) {\n        $(document).ready(function() {\n            \/\/ Function to adjust the padding based on content height\n            function adjustHeroPadding() {\n                var contentHeight = $('#bienne-hero-block_30d23b0a37668d4c8debec67153aeed3 .content-hero-section').outerHeight();\n\t\t\t\tvar finalContentHeight = $(window).width() > 768 ? contentHeight * 85 \/ 100 : contentHeight; \n                $('#bienne-hero-block_30d23b0a37668d4c8debec67153aeed3 .hero-wrapper').css('margin-bottom', finalContentHeight + 'px');\n            }\n            \n            \/\/ Run on page load\n            adjustHeroPadding();\n            \n            \/\/ Run on window resize\n            $(window).resize(function() {\n                adjustHeroPadding();\n            });\n        });\n    })(jQuery);\n<\/script><\/div>\n<\/div>\n\n\n\n<div class=\"wp-block-columns is-layout-flex wp-container-core-columns-is-layout-28f84493 wp-block-columns-is-layout-flex\">\n<div class=\"wp-block-column is-layout-flow wp-block-column-is-layout-flow\">\n<style>\n\t.bienne-image-with-text-block .accordion-content ul {\n        padding-left: 20px;\n    }\n    .bienne-image-with-text-block .accordion-content ul li::before {\n        content: \"- \";\n        position: absolute;\n        margin-left: -20px;\n    }\n    .bienne-image-with-text-block .accordion-content ul li {\n        position: relative;\n    }\n    #bienne-image-with-text-block-block_1d4971534d1c18dc99d2fc3b2866f574.bienne-image-with-text-block {\n            }\n\n    #bienne-image-with-text-block-block_1d4971534d1c18dc99d2fc3b2866f574.bienne-image-with-text-block {flex-direction: row;}\n    @media only screen and (min-width: 1000px) {\n        #bienne-image-with-text-block-block_1d4971534d1c18dc99d2fc3b2866f574.bienne-image-with-text-block#bienne-image-with-text-block-block_1d4971534d1c18dc99d2fc3b2866f574 {\n            gap: 100px;\n        }\n    }\n\n    @media only screen and (max-width: 1000px) {\n        #bienne-image-with-text-block-block_1d4971534d1c18dc99d2fc3b2866f574.bienne-image-with-text-block#bienne-image-with-text-block-block_1d4971534d1c18dc99d2fc3b2866f574 {\n            gap: 40px;\n        }\n\n        #bienne-image-with-text-block-block_1d4971534d1c18dc99d2fc3b2866f574.bienne-image-with-text-block {flex-direction: column;}    }\n\n    @media only screen and (max-width: 767px) {\n        #bienne-image-with-text-block-block_1d4971534d1c18dc99d2fc3b2866f574.bienne-image-with-text-block {flex-direction: column;}    }\n\n    @media only screen and (max-width: 575px) {\n        #bienne-image-with-text-block-block_1d4971534d1c18dc99d2fc3b2866f574.bienne-image-with-text-block#bienne-image-with-text-block-block_1d4971534d1c18dc99d2fc3b2866f574 {\n            gap: px;\n        }\n    }\n<\/style>\n\n<section class=\"bienne-image-with-text-block with-padding-bottom\" id=\"bienne-image-with-text-block-block_1d4971534d1c18dc99d2fc3b2866f574\">\n    <div class=\"content-image\">\n        <img decoding=\"async\" src=\"https:\/\/acb.ch\/wp-content\/uploads\/2025\/04\/sprechstundenangebot.jpg\">\n    <\/div>\n    <div class=\"content-text\">\n        <div class=\"the-title\"><h4>Notre offre<\/h4><\/div><div class=\"the-text\"><p>Dans la grande infrastructure moderne du Centre de comp\u00e9tence au C\u0153ur de Bienne, diff\u00e9rentes prestations sont propos\u00e9es telles que des ergom\u00e9tries (tapis roulant et v\u00e9lo), des \u00e9chocardiographies, des premi\u00e8res consultations, des contr\u00f4les de dispositifs (stimulateur cardiaque, d\u00e9fibrillateur interne, CRT-D\/CRT-P, Looprecorder), des ECG de longue dur\u00e9e, des mesures de la pression art\u00e9rielle 24h\/24, des ECG de repos et le sevrage tabagique LaSanT.<\/p>\n<\/div><div class=\"the-button\"><a href=\"#angebot\">En savoir plus<\/a><\/div>    <\/div>\n<\/section>\n\n<script>\n    document.querySelectorAll('#bienne-image-with-text-block-block_1d4971534d1c18dc99d2fc3b2866f574 .accordion-header').forEach(header => {\n        header.addEventListener('click', function() {\n            const item = this.parentElement;\n            const content = item.querySelector('.accordion-content');\n\n            if (item.classList.contains('active')) {\n                content.style.maxHeight = null;\n                item.classList.remove('active');\n                content.style.paddingBottom = '0px';\n            } else {\n                document.querySelectorAll('.accordion-item').forEach(i => {\n                    i.classList.remove('active');\n                    i.querySelector('.accordion-content').style.maxHeight = null;\n                    i.querySelector('.accordion-content').paddingBottom = '0px';\n                });\n                item.classList.add('active');\n                content.style.maxHeight = content.scrollHeight + 'px';\n                content.style.paddingBottom = '20px';\n            }\n        });\n    });\n<\/script><\/div>\n<\/div>\n\n\n\n<div class=\"wp-block-columns is-layout-flex wp-container-core-columns-is-layout-28f84493 wp-block-columns-is-layout-flex\" id=\"angebot\">\n<div class=\"wp-block-column is-layout-flow wp-block-column-is-layout-flow\">\n<style>\n\n    .accordion {\n        margin: 0 240px;\n        border-radius: 5px;\n    }\n\n    .accordion-item {\n        margin-bottom: 24px;\n    }\n\n    .accordion-header {\n        background: #F6F6F6;\n        padding: 40px;\n        padding-bottom: 35px;\n        cursor: pointer;\n        display: flex;\n        justify-content: space-between;\n        align-items: center;\n        font-size: 18px;\n        transition: padding-bottom 0.3s ease;\n        font-family: Josefin Sans;\n        font-weight: 700;\n        font-size: 24px;\n        line-height: 24px;\n        letter-spacing: 0%;\n        text-transform: uppercase;\n\n    }\n\n    .accordion-item.active .accordion-header {\n        padding-bottom: 0;\n    }\n\n    .accordion-content {\n        overflow: hidden;\n        max-height: 0;\n        transition: max-height 0.3s ease-out;\n        padding: 0 40px;\n        background: #F6F6F6;\n        font-family: Poppins;\n        font-weight: 400;\n        font-size: 16px;\n        line-height: 33px;\n        letter-spacing: 0%;\n\n    }\n\n    .accordion-content p {\n        margin: 10px 0;\n\/*         margin-bottom: 40px; *\/\n    }\n\n    .icon {\n        width: 32px;\n        height: 32px;\n        display: flex;\n        align-items: center;\n        justify-content: center;\n        position: relative;\n    }\n\n    .icon .line {\n        width: 20px;\n        height: 4px;\n        border-radius: 4px;\n        background-color: #9B1938;\n        position: absolute;\n        transition: transform 0.3s ease;\n    }\n\n    .icon .line:nth-child(2) {\n        transform: rotate(90deg);\n    }\n\n    .accordion-item.active .icon .line:nth-child(2) {\n        transform: rotate(0deg);\n    }\n\n    .bienne-accordion-block .accordion-content ul {\n        list-style: none;\n        padding-left: 20px;\n    }\n    .bienne-accordion-block .accordion-content ul li::before {\n        content: \"- \";\n        position: absolute;\n        margin-left: -20px;\n    }\n    .bienne-accordion-block .accordion-content ul li {\n        position: relative;\n    }\n\n    @media only screen and (max-width: 768px) {\n        .accordion-header {\n            font-family: Josefin Sans;\n            font-weight: 700;\n            font-size: 20px;\n            line-height: 25px;\n            letter-spacing: 0%;\n            padding: 30px;\n        }\n\n        .accordion-content {\n            padding: 0 30px;\n        }\n\n        .accordion-content p {\n            margin: 10px 0;\n\/*             margin-bottom: 30px; *\/\n        }\n    }\n<\/style>\n\n<!--contact-->\n<div class=\"bienne-accordion-block\" id=\"bienne-accordion-block_6c04734a14560a69ac7462c5759070ca\">\n    <div class=\"accordion\">\n                                    <div class=\"accordion-item\">\n                    <div class=\"accordion-header\">Premi\u00e8re consultation sur attribution                        <div class=\"icon\">\n                            <div class=\"line\"><\/div>\n                            <div class=\"line\"><\/div>\n                        <\/div>\n                    <\/div>\n                    <div class=\"accordion-content\">\n                        <p>Apr\u00e8s avoir \u00e9t\u00e9 adress\u00e9s par un m\u00e9decin g\u00e9n\u00e9raliste ou un m\u00e9decin, les nouveaux patients sont planifi\u00e9s dans notre consultation pour une premi\u00e8re consultation avec les examens correspondants.<\/p>\n                                            <\/div>\n                <\/div>\n                            <div class=\"accordion-item\">\n                    <div class=\"accordion-header\">Contr\u00f4le de routine pour les patients cardiologiques                        <div class=\"icon\">\n                            <div class=\"line\"><\/div>\n                            <div class=\"line\"><\/div>\n                        <\/div>\n                    <\/div>\n                    <div class=\"accordion-content\">\n                        <p>Les patients souffrant de probl\u00e8mes cardiologiques peuvent effectuer les contr\u00f4les de routine n\u00e9cessaires dans notre cabinet.<\/p>\n                                            <\/div>\n                <\/div>\n                            <div class=\"accordion-item\">\n                    <div class=\"accordion-header\">L&rsquo;ergom\u00e9trie                        <div class=\"icon\">\n                            <div class=\"line\"><\/div>\n                            <div class=\"line\"><\/div>\n                        <\/div>\n                    <\/div>\n                    <div class=\"accordion-content\">\n                        <p>L&rsquo;ergom\u00e9trie est r\u00e9alis\u00e9e sur un v\u00e9lo ou sur un tapis roulant. Lors du test d&rsquo;effort, le c\u0153ur est mis en \u00a0\u00bb\u00e9tat de stress\u00a0\u00bb par un effort physique sur l&rsquo;ergom\u00e8tre. La pression art\u00e9rielle peut \u00eatre mesur\u00e9e et analys\u00e9e pendant l&rsquo;effort, on peut rechercher des troubles du rythme cardiaque et \u00e9valuer les capacit\u00e9s physiques.  <\/p>\n                                            <\/div>\n                <\/div>\n                            <div class=\"accordion-item\">\n                    <div class=\"accordion-header\">L&rsquo;\u00e9chocardiographie                        <div class=\"icon\">\n                            <div class=\"line\"><\/div>\n                            <div class=\"line\"><\/div>\n                        <\/div>\n                    <\/div>\n                    <div class=\"accordion-content\">\n                        <p>L&rsquo;\u00e9chocardiographie est r\u00e9alis\u00e9e par le cardiologue \u00e0 l&rsquo;aide d&rsquo;un de nos appareils \u00e0 ultrasons. L\u2019examen permet d&rsquo;obtenir des informations anatomiques et fonctionnelles d\u00e9taill\u00e9es sur le c\u0153ur. L&rsquo;\u00e9chocardiographie est un examen de routine du c\u0153ur.  <\/p>\n                                            <\/div>\n                <\/div>\n                            <div class=\"accordion-item\">\n                    <div class=\"accordion-header\">Contr\u00f4le du stimulateur cardiaque                        <div class=\"icon\">\n                            <div class=\"line\"><\/div>\n                            <div class=\"line\"><\/div>\n                        <\/div>\n                    <\/div>\n                    <div class=\"accordion-content\">\n                        <p>Un stimulateur cardiaque (pacemaker) est un appareil \u00e9lectronique qui provoque la contraction du muscle cardiaque par stimulation \u00e9lectrique. Dans notre cabinet, les appareils des fabricants suivants peuvent \u00eatre examin\u00e9s: \r\n<ul>\r\n    <li>Medtronic (y compris Micra)<\/li>\r\n    <li>Biotronik<\/li>\r\n    <li>St. Jude Medical\/Abbott<\/li>\r\n    <li>Boston Scientific\/Guidant<\/li>\r\n    <li>Microport<\/li>\r\n<\/ul><\/p>\n                                            <\/div>\n                <\/div>\n                            <div class=\"accordion-item\">\n                    <div class=\"accordion-header\">Contr\u00f4le du d\u00e9fibrillateur interne                        <div class=\"icon\">\n                            <div class=\"line\"><\/div>\n                            <div class=\"line\"><\/div>\n                        <\/div>\n                    <\/div>\n                    <div class=\"accordion-content\">\n                        <p>Un DAI est un petit appareil \u00e9lectrique automatique qui est implant\u00e9 chez les patients pr\u00e9sentant un risque \u00e9lev\u00e9 d&rsquo;arythmie cardiaque potentiellement mortelle. Un DAI est implant\u00e9 pour cardiovertir ou d\u00e9fibriller le c\u0153ur en cas de tachycardie ventriculaire (TV) ou de fibrillation ventriculaire (FV). Des contr\u00f4les d&rsquo;appareils peuvent \u00eatre effectu\u00e9s, par les m\u00eames fabricants que pour le stimulateur cardiaque.  <\/p>\n                                            <\/div>\n                <\/div>\n                            <div class=\"accordion-item\">\n                    <div class=\"accordion-header\">Contr\u00f4le CRT-D\/CRT-P                        <div class=\"icon\">\n                            <div class=\"line\"><\/div>\n                            <div class=\"line\"><\/div>\n                        <\/div>\n                    <\/div>\n                    <div class=\"accordion-content\">\n                        <p>En cas de contraction cardiaque asynchrone, g\u00e9n\u00e9ralement associ\u00e9e \u00e0 un bloc de branche gauche et \u00e0 une fonction cardiaque limit\u00e9e avec \u00e9volution symptomatique (insuffisance cardiaque), il est possible d&rsquo;implanter un dispositif pour la th\u00e9rapie de resynchronisation cardiaque (CRT). La th\u00e9rapie de resynchronisation (CRT-P) peut offrir une am\u00e9lioration de la fonction ventriculaire, de la capacit\u00e9 physique \u00e0 l&rsquo;effort et de la qualit\u00e9 de vie et de la survie, en particulier en combinaison avec un d\u00e9fibrillateur (CRT-D). Ici aussi, les m\u00eames appareils n\u00e9cessaires des m\u00eames fabricants sont disponibles que pour les stimulateurs cardiaques.  <\/p>\n                                            <\/div>\n                <\/div>\n                            <div class=\"accordion-item\">\n                    <div class=\"accordion-header\">Contr\u00f4le d\u2019un Looprecorder                        <div class=\"icon\">\n                            <div class=\"line\"><\/div>\n                            <div class=\"line\"><\/div>\n                        <\/div>\n                    <\/div>\n                    <div class=\"accordion-content\">\n                        <p>Un Looprecorder est un moniteur cardiaque implantable qui surveille le rythme cardiaque 24h\/24 et 7j\/7 pendant plusieurs ann\u00e9es et enregistre les irr\u00e9gularit\u00e9s. Il a \u00e0 peu pr\u00e8s la taille d&rsquo;une cl\u00e9 USB et est implant\u00e9 sous anesth\u00e9sie locale, par voie pectorale, sous la peau. Les appareils des fabricants Medtronic et St. Jude\/Abbott peuvent \u00eatre contr\u00f4l\u00e9s ici par nos cardiologues.  <\/p>\n                                            <\/div>\n                <\/div>\n                            <div class=\"accordion-item\">\n                    <div class=\"accordion-header\">ECG de longue dur\u00e9e                        <div class=\"icon\">\n                            <div class=\"line\"><\/div>\n                            <div class=\"line\"><\/div>\n                        <\/div>\n                    <\/div>\n                    <div class=\"accordion-content\">\n                        <p>L&rsquo;ECG de longue dur\u00e9e consiste \u00e0 enregistrer l&rsquo;activit\u00e9 \u00e9lectrique du c\u0153ur dans les conditions de la vie quotidienne. Les patients portent g\u00e9n\u00e9ralement l&rsquo;\u00e9lectrocardiogramme \u00e0 long terme pendant une p\u00e9riode de 24, 48 ou 72 heures, voire jusqu&rsquo;\u00e0 7 jours. Deux \u00e0 trois d\u00e9rivations sont alors enregistr\u00e9es en continu. L&rsquo;ECG \u00e0 long terme est utilis\u00e9 pour \u00e9valuer le rythme cardiaque.   <\/p>\n                                            <\/div>\n                <\/div>\n                            <div class=\"accordion-item\">\n                    <div class=\"accordion-header\">Mesures de la tension art\u00e9rielle sur 24 heures                        <div class=\"icon\">\n                            <div class=\"line\"><\/div>\n                            <div class=\"line\"><\/div>\n                        <\/div>\n                    <\/div>\n                    <div class=\"accordion-content\">\n                        <p>Lors d&rsquo;une mesure de la tension art\u00e9rielle \u00e0 long terme, la tension art\u00e9rielle est mesur\u00e9e automatiquement \u00e0 des intervalles d\u00e9finis sur une p\u00e9riode prolong\u00e9e (g\u00e9n\u00e9ralement 24 heures). Les valeurs mesur\u00e9es sont enregistr\u00e9es et peuvent ensuite \u00eatre analys\u00e9es. <\/p>\n                                            <\/div>\n                <\/div>\n                            <div class=\"accordion-item\">\n                    <div class=\"accordion-header\">\u00c9lectro&shy;cardiogramme                        <div class=\"icon\">\n                            <div class=\"line\"><\/div>\n                            <div class=\"line\"><\/div>\n                        <\/div>\n                    <\/div>\n                    <div class=\"accordion-content\">\n                        <p>L&rsquo;\u00e9lectrocardiogramme (ECG) est un enregistrement de l&rsquo;activit\u00e9 \u00e9lectrique de toutes les fibres du muscle cardiaque. Les changements de tension \u00e9lectrique au niveau du c\u0153ur peuvent \u00eatre mesur\u00e9s \u00e0 la surface du corps, ce qui donne l&rsquo;action \u00e9lectrique du c\u0153ur. L&rsquo;ECG de repos (ECG \u00e0 12 d\u00e9rivations) est un examen cardiologique de base.  <\/p>\n                                            <\/div>\n                <\/div>\n                            <div class=\"accordion-item\">\n                    <div class=\"accordion-header\">LaSanT                        <div class=\"icon\">\n                            <div class=\"line\"><\/div>\n                            <div class=\"line\"><\/div>\n                        <\/div>\n                    <\/div>\n                    <div class=\"accordion-content\">\n                        <p>Le service de sevrage tabagique La SanT propose des traitements et des s\u00e9ances sp\u00e9cialis\u00e9s une fois par semaine au centre de comp\u00e9tences pour la sant\u00e9 cardiaque.<\/p>\n                                            <\/div>\n                <\/div>\n                            <div class=\"accordion-item\">\n                    <div class=\"accordion-header\">Analyses de laboratoire                        <div class=\"icon\">\n                            <div class=\"line\"><\/div>\n                            <div class=\"line\"><\/div>\n                        <\/div>\n                    <\/div>\n                    <div class=\"accordion-content\">\n                        <p>Des analyses de divers \u00e9chantillons de sang peuvent \u00eatre effectu\u00e9es directement sur place.<\/p>\n                                            <\/div>\n                <\/div>\n                        <\/div>\n\n    <script>\n        document.querySelectorAll('#bienne-accordion-block_6c04734a14560a69ac7462c5759070ca .accordion-header').forEach(header => {\n            header.addEventListener('click', function() {\n                const item = this.parentElement;\n                const content = item.querySelector('.accordion-content');\n\n                if (item.classList.contains('active')) {\n                    content.style.maxHeight = null;\n                    item.classList.remove('active');\n                    content.style.paddingBottom = '0px';\n                } else {\n                    document.querySelectorAll('.accordion-item').forEach(i => {\n                        i.classList.remove('active');\n                        i.querySelector('.accordion-content').style.maxHeight = null;\n\t\t\t\t\t\ti.querySelector('.accordion-content').paddingBottom = '0px';\n                    });\n                    item.classList.add('active');\n                    content.style.maxHeight = content.scrollHeight + 'px';\n                    content.style.paddingBottom = '20px';\n                }\n            });\n        });\n    <\/script>\n<\/div><\/div>\n<\/div>\n","protected":false},"excerpt":{"rendered":"","protected":false},"author":3,"featured_media":0,"parent":0,"menu_order":0,"comment_status":"closed","ping_status":"closed","template":"","meta":{"_acf_changed":false,"footnotes":""},"class_list":["post-1429","page","type-page","status-publish","hentry"],"acf":[],"_links":{"self":[{"href":"https:\/\/acb.ch\/fr\/wp-json\/wp\/v2\/pages\/1429","targetHints":{"allow":["GET"]}}],"collection":[{"href":"https:\/\/acb.ch\/fr\/wp-json\/wp\/v2\/pages"}],"about":[{"href":"https:\/\/acb.ch\/fr\/wp-json\/wp\/v2\/types\/page"}],"author":[{"embeddable":true,"href":"https:\/\/acb.ch\/fr\/wp-json\/wp\/v2\/users\/3"}],"replies":[{"embeddable":true,"href":"https:\/\/acb.ch\/fr\/wp-json\/wp\/v2\/comments?post=1429"}],"version-history":[{"count":4,"href":"https:\/\/acb.ch\/fr\/wp-json\/wp\/v2\/pages\/1429\/revisions"}],"predecessor-version":[{"id":2034,"href":"https:\/\/acb.ch\/fr\/wp-json\/wp\/v2\/pages\/1429\/revisions\/2034"}],"wp:attachment":[{"href":"https:\/\/acb.ch\/fr\/wp-json\/wp\/v2\/media?parent=1429"}],"curies":[{"name":"wp","href":"https:\/\/api.w.org\/{rel}","templated":true}]}}