{"id":1439,"date":"2025-04-10T13:13:53","date_gmt":"2025-04-10T13:13:53","guid":{"rendered":"https:\/\/acb.ch\/taux-eleve-de-lipides-sanguins\/"},"modified":"2025-05-14T11:26:59","modified_gmt":"2025-05-14T11:26:59","slug":"hyperlipidemie","status":"publish","type":"page","link":"https:\/\/acb.ch\/fr\/pour-les-patientes\/hyperlipidemie\/","title":{"rendered":"Hyperlipid\u00e9mie"},"content":{"rendered":"\n<style>\n    #bienne-hero-block_f4802417bf5ae0971417d44bc8c8e138.bienne-hero-block .hero-wrapper .img-hero-section img {\n        max-height: 545px;\n        height: 545px;\n    }\n\n    #bienne-hero-block_f4802417bf5ae0971417d44bc8c8e138.img-content-wrapper {\n        background-color: #991838;\n    }\n\n    #bienne-hero-block_f4802417bf5ae0971417d44bc8c8e138.pre-title {\n        color: #991838;\n    }\n\n    @media only screen and (max-width: 1000px) {\n        #bienne-hero-block_f4802417bf5ae0971417d44bc8c8e138.bienne-hero-block .hero-wrapper .img-hero-section img {\n            max-height: 385px;\n            height: 385px;\n        }\n    }\n\n    @media only screen and (max-width: 767px) {\n        #bienne-hero-block_f4802417bf5ae0971417d44bc8c8e138.bienne-hero-block .hero-wrapper .img-hero-section img {\n            max-height: 320px;\n            height: 320px;\n        }\n    }\n<\/style>\n\n<div class=\"bienne-hero-block\" id=\"bienne-hero-block_f4802417bf5ae0971417d44bc8c8e138\">\n    <div class=\"hero-wrapper\">\n\n        <div class=\"img-hero-section\">\n                            <img decoding=\"async\" src=\"https:\/\/acb.ch\/wp-content\/uploads\/2025\/04\/header_blutfettwerte.jpg\" alt=\"\">\n                    <\/div>\n\n        <div class=\"content-hero-section\">\n            \n            <div class=\"description-wrapper\">\n                <div class=\"description-section\">\n                                            <h6 class=\"pre-title\">Taux \u00e9lev\u00e9 de lipides sanguins<\/h6>\n                    \n                                            <h3 class=\"title\">Hyperlipid\u00e9mie<\/h3>\n                    \n                                    <\/div>\n            <\/div>\n        <\/div>\n\n    <\/div>\n<\/div>\n\n<script>\n    (function($) {\n        $(document).ready(function() {\n            \/\/ Function to adjust the padding based on content height\n            function adjustHeroPadding() {\n                var contentHeight = $('#bienne-hero-block_f4802417bf5ae0971417d44bc8c8e138 .content-hero-section').outerHeight();\n\t\t\t\tvar finalContentHeight = $(window).width() > 768 ? contentHeight * 85 \/ 100 : contentHeight; \n                $('#bienne-hero-block_f4802417bf5ae0971417d44bc8c8e138 .hero-wrapper').css('margin-bottom', finalContentHeight + 'px');\n            }\n            \n            \/\/ Run on page load\n            adjustHeroPadding();\n            \n            \/\/ Run on window resize\n            $(window).resize(function() {\n                adjustHeroPadding();\n            });\n        });\n    })(jQuery);\n<\/script>\n<style>\n\t.bienne-image-with-text-block .accordion-content ul {\n        padding-left: 20px;\n    }\n    .bienne-image-with-text-block .accordion-content ul li::before {\n        content: \"- \";\n        position: absolute;\n        margin-left: -20px;\n    }\n    .bienne-image-with-text-block .accordion-content ul li {\n        position: relative;\n    }\n    #bienne-image-with-text-block-block_928e5e802960d46393dcbf9881f93478.bienne-image-with-text-block {\n            }\n\n    #bienne-image-with-text-block-block_928e5e802960d46393dcbf9881f93478.bienne-image-with-text-block {flex-direction: row;}\n    @media only screen and (min-width: 1000px) {\n        #bienne-image-with-text-block-block_928e5e802960d46393dcbf9881f93478.bienne-image-with-text-block#bienne-image-with-text-block-block_928e5e802960d46393dcbf9881f93478 {\n            gap: 82px;\n        }\n    }\n\n    @media only screen and (max-width: 1000px) {\n        #bienne-image-with-text-block-block_928e5e802960d46393dcbf9881f93478.bienne-image-with-text-block#bienne-image-with-text-block-block_928e5e802960d46393dcbf9881f93478 {\n            gap: 40px;\n        }\n\n        #bienne-image-with-text-block-block_928e5e802960d46393dcbf9881f93478.bienne-image-with-text-block {flex-direction: column;}    }\n\n    @media only screen and (max-width: 767px) {\n        #bienne-image-with-text-block-block_928e5e802960d46393dcbf9881f93478.bienne-image-with-text-block {flex-direction: column;}    }\n\n    @media only screen and (max-width: 575px) {\n        #bienne-image-with-text-block-block_928e5e802960d46393dcbf9881f93478.bienne-image-with-text-block#bienne-image-with-text-block-block_928e5e802960d46393dcbf9881f93478 {\n            gap: px;\n        }\n    }\n<\/style>\n\n<section class=\"bienne-image-with-text-block with-padding-bottom\" id=\"bienne-image-with-text-block-block_928e5e802960d46393dcbf9881f93478\">\n    <div class=\"content-image\">\n        <img decoding=\"async\" src=\"https:\/\/acb.ch\/wp-content\/uploads\/2025\/04\/leukozyten.jpg\">\n    <\/div>\n    <div class=\"content-text\">\n        <div class=\"the-text\"><p>Un taux \u00e9lev\u00e9 de graisses dans le sang appel\u00e9 hyperlipid\u00e9mie est un trouble du m\u00e9tabolisme des graisses dans le corps, dans lequel des quantit\u00e9s \u00e9lev\u00e9es de graisses (lipides) sont pr\u00e9sentes dans la circulation sanguine. Cela peut entra\u00eener diff\u00e9rents probl\u00e8mes de sant\u00e9, notamment des maladies cardiaques et vasculaires. <\/p>\n<\/div>    <\/div>\n<\/section>\n\n<script>\n    document.querySelectorAll('#bienne-image-with-text-block-block_928e5e802960d46393dcbf9881f93478 .accordion-header').forEach(header => {\n        header.addEventListener('click', function() {\n            const item = this.parentElement;\n            const content = item.querySelector('.accordion-content');\n\n            if (item.classList.contains('active')) {\n                content.style.maxHeight = null;\n                item.classList.remove('active');\n                content.style.paddingBottom = '0px';\n            } else {\n                document.querySelectorAll('.accordion-item').forEach(i => {\n                    i.classList.remove('active');\n                    i.querySelector('.accordion-content').style.maxHeight = null;\n                    i.querySelector('.accordion-content').paddingBottom = '0px';\n                });\n                item.classList.add('active');\n                content.style.maxHeight = content.scrollHeight + 'px';\n                content.style.paddingBottom = '20px';\n            }\n        });\n    });\n<\/script>\n<style>\n    .bienne-info-grid-block#bienne-info-grid-block-block_66d9f8bb7b15b009dd94330a883f1289 {\n        background-color: ;\n    }\n\n    .bienne-info-grid-block#bienne-info-grid-block-block_66d9f8bb7b15b009dd94330a883f1289 .info-grid-wrap .info-grid {\n        grid-template-columns: repeat(1, minmax(0, 1fr));\n    }\n\n    @media only screen and (min-width: 768px) {\n        .bienne-info-grid-block#bienne-info-grid-block-block_66d9f8bb7b15b009dd94330a883f1289 .info-grid-wrap .info-grid {\n            grid-template-columns: repeat(2, minmax(0, 1fr));\n        }\n    }\n\n    @media only screen and (min-width: 1001px) {\n        .bienne-info-grid-block#bienne-info-grid-block-block_66d9f8bb7b15b009dd94330a883f1289 .info-grid-wrap .info-grid {\n            grid-template-columns: repeat(2, minmax(0, 1fr));\n        }\n    }\n<\/style>\n\n<section class=\"bienne-info-grid-block\" id=\"bienne-info-grid-block-block_66d9f8bb7b15b009dd94330a883f1289\">\n            <div class=\"info-grid-wrap\">\n            <div class=\"info-top\">\n                <h4>Causes et facteurs de risque<\/h4>            <\/div>\n            <div class=\"info-grid\">\n                                    <div class=\"grid-item\">\n                        <p>L&rsquo;hyperlipid\u00e9mie peut \u00eatre d&rsquo;origine g\u00e9n\u00e9tique, ce qui signifie que dans certains cas, elle est transmise de mani\u00e8re familiale<\/p>                    <\/div>\n                                    <div class=\"grid-item\">\n                        <p>De mauvaises habitudes alimentaires<\/p>                    <\/div>\n                                    <div class=\"grid-item\">\n                        <p>Un manque d&rsquo;activit\u00e9 physique peut augmenter le risque d&rsquo;hyperlipid\u00e9mie<\/p>                    <\/div>\n                                    <div class=\"grid-item\">\n                        <p>Le surpoids et l&rsquo;ob\u00e9sit\u00e9 sont \u00e9galement des facteurs de risque pour cette maladie<\/p>                    <\/div>\n                            <\/div>\n            <div class=\"info-bot\">\n                <p><\/p>\n            <\/div>\n        <\/div>\n    <\/section>\n<style>\n    .bienne-spacer-block#bienne-spacer-block_5b2cbf0aa6fca9f27d9bbea8361f6df9 {\n        height: 0px;\n    }\n\n    @media only screen and (max-width: 768px) {\n\n        .bienne-spacer-block#bienne-spacer-block_5b2cbf0aa6fca9f27d9bbea8361f6df9 {\n            height: 60px;\n        }\n    }\n\n    @media only screen and (max-width: 767px) {\n        .bienne-spacer-block#bienne-spacer-block_5b2cbf0aa6fca9f27d9bbea8361f6df9 {\n            height: 60px;\n        }\n    }\n<\/style>\n\n<div class=\"bienne-spacer-block\" id=\"bienne-spacer-block_5b2cbf0aa6fca9f27d9bbea8361f6df9\">\n<\/div>\n<style>\n\t.bienne-image-with-text-block .accordion-content ul {\n        padding-left: 20px;\n    }\n    .bienne-image-with-text-block .accordion-content ul li::before {\n        content: \"- \";\n        position: absolute;\n        margin-left: -20px;\n    }\n    .bienne-image-with-text-block .accordion-content ul li {\n        position: relative;\n    }\n    #bienne-image-with-text-block-block_e59e885dd331d32d313577a6216e8d77.bienne-image-with-text-block {\n            }\n\n    #bienne-image-with-text-block-block_e59e885dd331d32d313577a6216e8d77.bienne-image-with-text-block {flex-direction: row;}\n    @media only screen and (min-width: 1000px) {\n        #bienne-image-with-text-block-block_e59e885dd331d32d313577a6216e8d77.bienne-image-with-text-block#bienne-image-with-text-block-block_e59e885dd331d32d313577a6216e8d77 {\n            gap: 82px;\n        }\n    }\n\n    @media only screen and (max-width: 1000px) {\n        #bienne-image-with-text-block-block_e59e885dd331d32d313577a6216e8d77.bienne-image-with-text-block#bienne-image-with-text-block-block_e59e885dd331d32d313577a6216e8d77 {\n            gap: 40px;\n        }\n\n        #bienne-image-with-text-block-block_e59e885dd331d32d313577a6216e8d77.bienne-image-with-text-block {flex-direction: column;}    }\n\n    @media only screen and (max-width: 767px) {\n        #bienne-image-with-text-block-block_e59e885dd331d32d313577a6216e8d77.bienne-image-with-text-block {flex-direction: column;}    }\n\n    @media only screen and (max-width: 575px) {\n        #bienne-image-with-text-block-block_e59e885dd331d32d313577a6216e8d77.bienne-image-with-text-block#bienne-image-with-text-block-block_e59e885dd331d32d313577a6216e8d77 {\n            gap: px;\n        }\n    }\n<\/style>\n\n<section class=\"bienne-image-with-text-block with-padding-bottom\" id=\"bienne-image-with-text-block-block_e59e885dd331d32d313577a6216e8d77\">\n    <div class=\"content-image\">\n        <img decoding=\"async\" src=\"https:\/\/acb.ch\/wp-content\/uploads\/2025\/04\/labor.jpg\">\n    <\/div>\n    <div class=\"content-text\">\n        <div class=\"the-title\"><h4>Diagnostic<\/h4><\/div><div class=\"the-text\"><p>L&rsquo;hyperlipid\u00e9mie est g\u00e9n\u00e9ralement diagnostiqu\u00e9e par un test sanguin qui mesure le taux de lipides dans le sang. Ce test, connu sous le nom de profil lipidique, comprend la mesure du cholest\u00e9rol total, du cholest\u00e9rol LDL (appel\u00e9 \u00ab\u00a0mauvais\u00a0\u00bb cholest\u00e9rol), du cholest\u00e9rol HDL (le \u00ab\u00a0bon\u00a0\u00bb cholest\u00e9rol) et des triglyc\u00e9rides. <\/p>\n<\/div>    <\/div>\n<\/section>\n\n<script>\n    document.querySelectorAll('#bienne-image-with-text-block-block_e59e885dd331d32d313577a6216e8d77 .accordion-header').forEach(header => {\n        header.addEventListener('click', function() {\n            const item = this.parentElement;\n            const content = item.querySelector('.accordion-content');\n\n            if (item.classList.contains('active')) {\n                content.style.maxHeight = null;\n                item.classList.remove('active');\n                content.style.paddingBottom = '0px';\n            } else {\n                document.querySelectorAll('.accordion-item').forEach(i => {\n                    i.classList.remove('active');\n                    i.querySelector('.accordion-content').style.maxHeight = null;\n                    i.querySelector('.accordion-content').paddingBottom = '0px';\n                });\n                item.classList.add('active');\n                content.style.maxHeight = content.scrollHeight + 'px';\n                content.style.paddingBottom = '20px';\n            }\n        });\n    });\n<\/script>\n<style>\n\n    .accordion {\n        margin: 0 240px;\n        border-radius: 5px;\n    }\n\n    .accordion-item {\n        margin-bottom: 24px;\n    }\n\n    .accordion-header {\n        background: #F6F6F6;\n        padding: 40px;\n        padding-bottom: 35px;\n        cursor: pointer;\n        display: flex;\n        justify-content: space-between;\n        align-items: center;\n        font-size: 18px;\n        transition: padding-bottom 0.3s ease;\n        font-family: Josefin Sans;\n        font-weight: 700;\n        font-size: 24px;\n        line-height: 24px;\n        letter-spacing: 0%;\n        text-transform: uppercase;\n\n    }\n\n    .accordion-item.active .accordion-header {\n        padding-bottom: 0;\n    }\n\n    .accordion-content {\n        overflow: hidden;\n        max-height: 0;\n        transition: max-height 0.3s ease-out;\n        padding: 0 40px;\n        background: #F6F6F6;\n        font-family: Poppins;\n        font-weight: 400;\n        font-size: 16px;\n        line-height: 33px;\n        letter-spacing: 0%;\n\n    }\n\n    .accordion-content p {\n        margin: 10px 0;\n\/*         margin-bottom: 40px; *\/\n    }\n\n    .icon {\n        width: 32px;\n        height: 32px;\n        display: flex;\n        align-items: center;\n        justify-content: center;\n        position: relative;\n    }\n\n    .icon .line {\n        width: 20px;\n        height: 4px;\n        border-radius: 4px;\n        background-color: #9B1938;\n        position: absolute;\n        transition: transform 0.3s ease;\n    }\n\n    .icon .line:nth-child(2) {\n        transform: rotate(90deg);\n    }\n\n    .accordion-item.active .icon .line:nth-child(2) {\n        transform: rotate(0deg);\n    }\n\n    .bienne-accordion-block .accordion-content ul {\n        list-style: none;\n        padding-left: 20px;\n    }\n    .bienne-accordion-block .accordion-content ul li::before {\n        content: \"- \";\n        position: absolute;\n        margin-left: -20px;\n    }\n    .bienne-accordion-block .accordion-content ul li {\n        position: relative;\n    }\n\n    @media only screen and (max-width: 768px) {\n        .accordion-header {\n            font-family: Josefin Sans;\n            font-weight: 700;\n            font-size: 20px;\n            line-height: 25px;\n            letter-spacing: 0%;\n            padding: 30px;\n        }\n\n        .accordion-content {\n            padding: 0 30px;\n        }\n\n        .accordion-content p {\n            margin: 10px 0;\n\/*             margin-bottom: 30px; *\/\n        }\n    }\n<\/style>\n\n<!--contact-->\n<div class=\"bienne-accordion-block\" id=\"bienne-accordion-block_8fbac6aaf8bf2a9bf8fed59fed748a09\">\n    <div class=\"accordion\">\n                                    <div class=\"accordion-item\">\n                    <div class=\"accordion-header\">Traitement                        <div class=\"icon\">\n                            <div class=\"line\"><\/div>\n                            <div class=\"line\"><\/div>\n                        <\/div>\n                    <\/div>\n                    <div class=\"accordion-content\">\n                        <p>Le traitement de l&rsquo;hyperlipid\u00e9mie consiste g\u00e9n\u00e9ralement en une combinaison d&rsquo;une alimentation saine, d&rsquo;une activit\u00e9 physique r\u00e9guli\u00e8re et de la prise de m\u00e9dicaments.<\/p>\n                                            <\/div>\n                <\/div>\n                            <div class=\"accordion-item\">\n                    <div class=\"accordion-header\">Sympt\u00f4mes                        <div class=\"icon\">\n                            <div class=\"line\"><\/div>\n                            <div class=\"line\"><\/div>\n                        <\/div>\n                    <\/div>\n                    <div class=\"accordion-content\">\n                        <p>L&rsquo;hyperlipid\u00e9mie ne provoque pas vraiment de sympt\u00f4mes sp\u00e9cifiques. Souvent, la maladie n&rsquo;est d\u00e9couverte que lorsqu&rsquo;un test sanguin est effectu\u00e9. L&rsquo;hyperlipid\u00e9mie est une maladie qui peut \u00eatre trait\u00e9e. Une combinaison d&rsquo;une alimentation saine, d&rsquo;une activit\u00e9 physique r\u00e9guli\u00e8re et d&rsquo;un traitement m\u00e9dicamenteux permet de contr\u00f4ler efficacement les taux de lipides. Il est conseill\u00e9 de se faire examiner par un m\u00e9decin afin de pr\u00e9venir d&rsquo;\u00e9ventuelles complications.    <\/p>\n                                            <\/div>\n                <\/div>\n                        <\/div>\n\n    <script>\n        document.querySelectorAll('#bienne-accordion-block_8fbac6aaf8bf2a9bf8fed59fed748a09 .accordion-header').forEach(header => {\n            header.addEventListener('click', function() {\n                const item = this.parentElement;\n                const content = item.querySelector('.accordion-content');\n\n                if (item.classList.contains('active')) {\n                    content.style.maxHeight = null;\n                    item.classList.remove('active');\n                    content.style.paddingBottom = '0px';\n                } else {\n                    document.querySelectorAll('.accordion-item').forEach(i => {\n                        i.classList.remove('active');\n                        i.querySelector('.accordion-content').style.maxHeight = null;\n\t\t\t\t\t\ti.querySelector('.accordion-content').paddingBottom = '0px';\n                    });\n                    item.classList.add('active');\n                    content.style.maxHeight = content.scrollHeight + 'px';\n                    content.style.paddingBottom = '20px';\n                }\n            });\n        });\n    <\/script>\n<\/div>","protected":false},"excerpt":{"rendered":"","protected":false},"author":5,"featured_media":0,"parent":1449,"menu_order":0,"comment_status":"closed","ping_status":"closed","template":"","meta":{"_acf_changed":false,"footnotes":""},"class_list":["post-1439","page","type-page","status-publish","hentry"],"acf":[],"_links":{"self":[{"href":"https:\/\/acb.ch\/fr\/wp-json\/wp\/v2\/pages\/1439","targetHints":{"allow":["GET"]}}],"collection":[{"href":"https:\/\/acb.ch\/fr\/wp-json\/wp\/v2\/pages"}],"about":[{"href":"https:\/\/acb.ch\/fr\/wp-json\/wp\/v2\/types\/page"}],"author":[{"embeddable":true,"href":"https:\/\/acb.ch\/fr\/wp-json\/wp\/v2\/users\/5"}],"replies":[{"embeddable":true,"href":"https:\/\/acb.ch\/fr\/wp-json\/wp\/v2\/comments?post=1439"}],"version-history":[{"count":1,"href":"https:\/\/acb.ch\/fr\/wp-json\/wp\/v2\/pages\/1439\/revisions"}],"predecessor-version":[{"id":1851,"href":"https:\/\/acb.ch\/fr\/wp-json\/wp\/v2\/pages\/1439\/revisions\/1851"}],"up":[{"embeddable":true,"href":"https:\/\/acb.ch\/fr\/wp-json\/wp\/v2\/pages\/1449"}],"wp:attachment":[{"href":"https:\/\/acb.ch\/fr\/wp-json\/wp\/v2\/media?parent=1439"}],"curies":[{"name":"wp","href":"https:\/\/api.w.org\/{rel}","templated":true}]}}