{"id":1447,"date":"2025-03-15T09:24:58","date_gmt":"2025-03-15T09:24:58","guid":{"rendered":"https:\/\/acb.ch\/angine-de-poitrine\/"},"modified":"2025-05-14T11:26:31","modified_gmt":"2025-05-14T11:26:31","slug":"angine-de-poitrine","status":"publish","type":"page","link":"https:\/\/acb.ch\/fr\/pour-les-patientes\/angine-de-poitrine\/","title":{"rendered":"Angine de poitrine"},"content":{"rendered":"\n<div class=\"wp-block-columns is-layout-flex wp-container-core-columns-is-layout-28f84493 wp-block-columns-is-layout-flex\">\n<div class=\"wp-block-column is-layout-flow wp-block-column-is-layout-flow\">\n<style>\n    #bienne-hero-block_1ee14b80caadeb11735270f03dbe5fa0.bienne-hero-block .hero-wrapper .img-hero-section img {\n        max-height: 545px;\n        height: 545px;\n    }\n\n    #bienne-hero-block_1ee14b80caadeb11735270f03dbe5fa0.img-content-wrapper {\n        background-color: #991838;\n    }\n\n    #bienne-hero-block_1ee14b80caadeb11735270f03dbe5fa0.pre-title {\n        color: #991838;\n    }\n\n    @media only screen and (max-width: 1000px) {\n        #bienne-hero-block_1ee14b80caadeb11735270f03dbe5fa0.bienne-hero-block .hero-wrapper .img-hero-section img {\n            max-height: 375px;\n            height: 375px;\n        }\n    }\n\n    @media only screen and (max-width: 767px) {\n        #bienne-hero-block_1ee14b80caadeb11735270f03dbe5fa0.bienne-hero-block .hero-wrapper .img-hero-section img {\n            max-height: 320px;\n            height: 320px;\n        }\n    }\n<\/style>\n\n<div class=\"bienne-hero-block hero-with-desc\" id=\"bienne-hero-block_1ee14b80caadeb11735270f03dbe5fa0\">\n    <div class=\"hero-wrapper\">\n\n        <div class=\"img-hero-section\">\n                            <img decoding=\"async\" src=\"https:\/\/acb.ch\/wp-content\/uploads\/2025\/04\/header_anginapectoris.jpg\" alt=\"\">\n                    <\/div>\n\n        <div class=\"content-hero-section\">\n            \n            <div class=\"description-wrapper\">\n                <div class=\"description-section\">\n                                            <h6 class=\"pre-title\">Oppression thoracique<\/h6>\n                    \n                                            <h3 class=\"title\">Angine de poitrine<\/h3>\n                    \n                                        <span class=\"description\">\n                        <!-- this is wysig -->\n                        <p>L&rsquo;angine de poitrine, \u00e9galement connue sous le nom d&rsquo;oppression thoracique, est une maladie caus\u00e9e par un r\u00e9tr\u00e9cissement des vaisseaux cardiaques d\u00fb \u00e0 l&rsquo;ath\u00e9roscl\u00e9rose. Cela entra\u00eene un trouble circulatoire du flux sanguin des art\u00e8res du c\u0153ur. Les sympt\u00f4mes de l&rsquo;angine de poitrine peuvent varier et il existe deux formes principales:  <\/p>\n                                            <\/span>\n                                    <\/div>\n            <\/div>\n        <\/div>\n\n    <\/div>\n<\/div>\n\n<script>\n    (function($) {\n        $(document).ready(function() {\n            \/\/ Function to adjust the padding based on content height\n            function adjustHeroPadding() {\n                var contentHeight = $('#bienne-hero-block_1ee14b80caadeb11735270f03dbe5fa0 .content-hero-section').outerHeight();\n\t\t\t\tvar finalContentHeight = $(window).width() > 768 ? contentHeight * 85 \/ 100 : contentHeight; \n                $('#bienne-hero-block_1ee14b80caadeb11735270f03dbe5fa0 .hero-wrapper').css('margin-bottom', finalContentHeight + 'px');\n            }\n            \n            \/\/ Run on page load\n            adjustHeroPadding();\n            \n            \/\/ Run on window resize\n            $(window).resize(function() {\n                adjustHeroPadding();\n            });\n        });\n    })(jQuery);\n<\/script><\/div>\n<\/div>\n\n\n\n<div class=\"wp-block-columns angina-pectoris-text-section-top is-layout-flex wp-container-core-columns-is-layout-28f84493 wp-block-columns-is-layout-flex\">\n<div class=\"wp-block-column is-layout-flow wp-block-column-is-layout-flow\">\n<style>\n\t.bienne-image-with-text-block .accordion-content ul {\n        padding-left: 20px;\n    }\n    .bienne-image-with-text-block .accordion-content ul li::before {\n        content: \"- \";\n        position: absolute;\n        margin-left: -20px;\n    }\n    .bienne-image-with-text-block .accordion-content ul li {\n        position: relative;\n    }\n    #bienne-image-with-text-block-block_80e550f1e26baeaca31438ef70178d95.bienne-image-with-text-block {\n            }\n\n    #bienne-image-with-text-block-block_80e550f1e26baeaca31438ef70178d95.bienne-image-with-text-block {flex-direction: row;}\n    @media only screen and (min-width: 1000px) {\n        #bienne-image-with-text-block-block_80e550f1e26baeaca31438ef70178d95.bienne-image-with-text-block#bienne-image-with-text-block-block_80e550f1e26baeaca31438ef70178d95 {\n            gap: 82px;\n        }\n    }\n\n    @media only screen and (max-width: 1000px) {\n        #bienne-image-with-text-block-block_80e550f1e26baeaca31438ef70178d95.bienne-image-with-text-block#bienne-image-with-text-block-block_80e550f1e26baeaca31438ef70178d95 {\n            gap: 40px;\n        }\n\n        #bienne-image-with-text-block-block_80e550f1e26baeaca31438ef70178d95.bienne-image-with-text-block {flex-direction: column;}    }\n\n    @media only screen and (max-width: 767px) {\n        #bienne-image-with-text-block-block_80e550f1e26baeaca31438ef70178d95.bienne-image-with-text-block {flex-direction: column;}    }\n\n    @media only screen and (max-width: 575px) {\n        #bienne-image-with-text-block-block_80e550f1e26baeaca31438ef70178d95.bienne-image-with-text-block#bienne-image-with-text-block-block_80e550f1e26baeaca31438ef70178d95 {\n            gap: px;\n        }\n    }\n<\/style>\n\n<section class=\"bienne-image-with-text-block with-padding-bottom\" id=\"bienne-image-with-text-block-block_80e550f1e26baeaca31438ef70178d95\">\n    <div class=\"content-image\">\n        <img decoding=\"async\" src=\"https:\/\/acb.ch\/wp-content\/uploads\/2025\/04\/herz.jpg\">\n    <\/div>\n    <div class=\"content-text\">\n        <div class=\"the-text\"><p><strong>L&rsquo;angine de poitrine stable<\/strong> survient lorsque le c\u0153ur n&rsquo;est pas suffisamment aliment\u00e9 en oxyg\u00e8ne, par exemple en cas d&rsquo;effort physique, de stress psychologique ou apr\u00e8s un repas copieux. Les sympt\u00f4mes typiques sont une sensation d&rsquo;oppression, une douleur br\u00fblante dans la poitrine, qui irradie normalement dans le bras gauche, mais qui peut \u00e9galement se manifester dans l&rsquo;\u00e9paule, le cou, la nuque, le menton et le dos. La douleur dispara\u00eet au bout de quelques minutes aussi apr\u00e8s la prise de nitroglyc\u00e9rine.  <\/p>\n<p><strong>L&rsquo;angine de poitrine instable<\/strong>, quant \u00e0 elle, survient soudainement en quelques heures ou jours et les sympt\u00f4mes augmentent rapidement. Les sympt\u00f4mes peuvent appara\u00eetre au repos ou la nuit. L&rsquo;angine de poitrine instable est une urgence, car elle peut \u00eatre le signe avant-coureur d&rsquo;un infarctus du myocarde!  <\/p>\n<\/div>    <\/div>\n<\/section>\n\n<script>\n    document.querySelectorAll('#bienne-image-with-text-block-block_80e550f1e26baeaca31438ef70178d95 .accordion-header').forEach(header => {\n        header.addEventListener('click', function() {\n            const item = this.parentElement;\n            const content = item.querySelector('.accordion-content');\n\n            if (item.classList.contains('active')) {\n                content.style.maxHeight = null;\n                item.classList.remove('active');\n                content.style.paddingBottom = '0px';\n            } else {\n                document.querySelectorAll('.accordion-item').forEach(i => {\n                    i.classList.remove('active');\n                    i.querySelector('.accordion-content').style.maxHeight = null;\n                    i.querySelector('.accordion-content').paddingBottom = '0px';\n                });\n                item.classList.add('active');\n                content.style.maxHeight = content.scrollHeight + 'px';\n                content.style.paddingBottom = '20px';\n            }\n        });\n    });\n<\/script><\/div>\n<\/div>\n\n\n\n<div class=\"wp-block-columns is-layout-flex wp-container-core-columns-is-layout-28f84493 wp-block-columns-is-layout-flex\">\n<div class=\"wp-block-column is-layout-flow wp-block-column-is-layout-flow\"><\/div>\n<\/div>\n\n\n\n<div class=\"wp-block-columns is-layout-flex wp-container-core-columns-is-layout-28f84493 wp-block-columns-is-layout-flex\">\n<div class=\"wp-block-column is-layout-flow wp-block-column-is-layout-flow\">\n<style>\n    .bienne-info-grid-block#bienne-info-grid-block-block_ed43f6a282724c8429a81a0a4dc384fc {\n        background-color: ;\n    }\n\n    .bienne-info-grid-block#bienne-info-grid-block-block_ed43f6a282724c8429a81a0a4dc384fc .info-grid-wrap .info-grid {\n        grid-template-columns: repeat(1, minmax(0, 1fr));\n    }\n\n    @media only screen and (min-width: 768px) {\n        .bienne-info-grid-block#bienne-info-grid-block-block_ed43f6a282724c8429a81a0a4dc384fc .info-grid-wrap .info-grid {\n            grid-template-columns: repeat(2, minmax(0, 1fr));\n        }\n    }\n\n    @media only screen and (min-width: 1001px) {\n        .bienne-info-grid-block#bienne-info-grid-block-block_ed43f6a282724c8429a81a0a4dc384fc .info-grid-wrap .info-grid {\n            grid-template-columns: repeat(3, minmax(0, 1fr));\n        }\n    }\n<\/style>\n\n<section class=\"bienne-info-grid-block\" id=\"bienne-info-grid-block-block_ed43f6a282724c8429a81a0a4dc384fc\">\n            <div class=\"info-grid-wrap\">\n            <div class=\"info-top\">\n                <h4>Causes et facteurs de risque<\/h4><p><p>L&rsquo;art\u00e9rioscl\u00e9rose \u00e9volue lentement et est la principale cause de l&rsquo;angine de poitrine. La plupart du temps, cette maladie ne se manifeste qu&rsquo;avec l&rsquo;\u00e2ge. Autres facteurs de risque:  <\/p>\n<\/p>            <\/div>\n            <div class=\"info-grid\">\n                                    <div class=\"grid-item\">\n                        <h5>Le tabagisme<\/h5>                    <\/div>\n                                    <div class=\"grid-item\">\n                        <h5>Hyperlipid\u00e9mie<\/h5>                    <\/div>\n                                    <div class=\"grid-item\">\n                        <h5>Hypertension art\u00e9rielle<\/h5>                    <\/div>\n                                    <div class=\"grid-item\">\n                        <h5>Diab\u00e8te<\/h5>                    <\/div>\n                                    <div class=\"grid-item\">\n                        <h5>Manque d\u2019activit\u00e9 physique et surpoids<\/h5>                    <\/div>\n                                    <div class=\"grid-item\">\n                        <h5>Stress<\/h5>                    <\/div>\n                            <\/div>\n            <div class=\"info-bot\">\n                <p><\/p>\n            <\/div>\n        <\/div>\n    <\/section><\/div>\n<\/div>\n\n\n\n<style>\n    .bienne-spacer-block#bienne-spacer-block_0c6d41851c611ac086cefcc2fef1debe {\n        height: 0px;\n    }\n\n    @media only screen and (max-width: 768px) {\n\n        .bienne-spacer-block#bienne-spacer-block_0c6d41851c611ac086cefcc2fef1debe {\n            height: 60px;\n        }\n    }\n\n    @media only screen and (max-width: 767px) {\n        .bienne-spacer-block#bienne-spacer-block_0c6d41851c611ac086cefcc2fef1debe {\n            height: 60px;\n        }\n    }\n<\/style>\n\n<div class=\"bienne-spacer-block\" id=\"bienne-spacer-block_0c6d41851c611ac086cefcc2fef1debe\">\n<\/div>\n\n\n<div class=\"wp-block-columns is-layout-flex wp-container-core-columns-is-layout-28f84493 wp-block-columns-is-layout-flex\">\n<div class=\"wp-block-column is-layout-flow wp-block-column-is-layout-flow\">\n<style>\n\t.bienne-image-with-text-block .accordion-content ul {\n        padding-left: 20px;\n    }\n    .bienne-image-with-text-block .accordion-content ul li::before {\n        content: \"- \";\n        position: absolute;\n        margin-left: -20px;\n    }\n    .bienne-image-with-text-block .accordion-content ul li {\n        position: relative;\n    }\n    #bienne-image-with-text-block-block_dce249955d96711d029ce223eae17983.bienne-image-with-text-block {\n            }\n\n    #bienne-image-with-text-block-block_dce249955d96711d029ce223eae17983.bienne-image-with-text-block {flex-direction: row-reverse;padding-right: 0;padding-left: 210px;}\n    @media only screen and (min-width: 1000px) {\n        #bienne-image-with-text-block-block_dce249955d96711d029ce223eae17983.bienne-image-with-text-block#bienne-image-with-text-block-block_dce249955d96711d029ce223eae17983 {\n            gap: 82px;\n        }\n    }\n\n    @media only screen and (max-width: 1000px) {\n        #bienne-image-with-text-block-block_dce249955d96711d029ce223eae17983.bienne-image-with-text-block#bienne-image-with-text-block-block_dce249955d96711d029ce223eae17983 {\n            gap: 30px;\n        }\n\n        #bienne-image-with-text-block-block_dce249955d96711d029ce223eae17983.bienne-image-with-text-block {flex-direction: column-reverse;}#bienne-image-with-text-block-block_dce249955d96711d029ce223eae17983.bienne-image-with-text-block {padding: 30px 0;}    }\n\n    @media only screen and (max-width: 767px) {\n        #bienne-image-with-text-block-block_dce249955d96711d029ce223eae17983.bienne-image-with-text-block .content-image {padding-right: 0;padding-left: 20px;}#bienne-image-with-text-block-block_dce249955d96711d029ce223eae17983.bienne-image-with-text-block {flex-direction: column-reverse;}#bienne-image-with-text-block-block_dce249955d96711d029ce223eae17983.bienne-image-with-text-block .content-text {padding: 20px 20px 0 20px;}    }\n\n    @media only screen and (max-width: 575px) {\n        #bienne-image-with-text-block-block_dce249955d96711d029ce223eae17983.bienne-image-with-text-block#bienne-image-with-text-block-block_dce249955d96711d029ce223eae17983 {\n            gap: px;\n        }\n    }\n<\/style>\n\n<section class=\"bienne-image-with-text-block with-padding-bottom\" id=\"bienne-image-with-text-block-block_dce249955d96711d029ce223eae17983\">\n    <div class=\"content-image\">\n        <img decoding=\"async\" src=\"https:\/\/acb.ch\/wp-content\/uploads\/2025\/04\/untersuchung.jpg\">\n    <\/div>\n    <div class=\"content-text\">\n        <div class=\"the-title\"><h4>Diagnostic<\/h4><\/div><div class=\"the-text\"><p>Pour d\u00e9terminer si les sympt\u00f4mes indiquent une angine de poitrine, des examens compl\u00e9mentaires sont n\u00e9cessaires. Ces examens ont pour but de d\u00e9tecter les troubles de la circulation sanguine dans le c\u0153ur, de d\u00e9terminer leur \u00e9tendue et d&rsquo;identifier la partie du muscle cardiaque concern\u00e9e: <\/p>\n<\/div><div class=\"the-accordion\">                <div class=\"accordion-item\">\n                    <div class=\"accordion-header\">Examens non invasifs                        <div class=\"icon\">\n                            <div class=\"line\"><\/div>\n                            <div class=\"line\"><\/div>\n                        <\/div>\n                    <\/div>\n                    <div class=\"accordion-content\">\n                        <p>Il s&rsquo;agit de proc\u00e9dures qui n&rsquo;impliquent aucune intervention dans le corps:\r\n<ul>\r\n<li>\u00c9lectrocardiogramme (ECG)<\/li>\r\n<li>\u00c9chocardiographie<\/li>\r\n<li>L&rsquo;ergom\u00e9trie<\/li>\r\n<li>Imagerie par r\u00e9sonance magn\u00e9tique (IRM) cardiaque<\/li>\r\n<li>Tomodensitom\u00e9trie cardiaque (CT)<\/li>\r\n<\/ul>\r\n<\/p>\n                    <\/div>\n                <\/div>\n                        <div class=\"accordion-item\">\n                    <div class=\"accordion-header\">Examens invasifs                        <div class=\"icon\">\n                            <div class=\"line\"><\/div>\n                            <div class=\"line\"><\/div>\n                        <\/div>\n                    <\/div>\n                    <div class=\"accordion-content\">\n                        <p>Ces proc\u00e9dures n\u00e9cessitent une intervention dans le corps:\r\n<ul>\r\n<li>Prise de sang pour d\u00e9terminer les enzymes cardiaques<\/li>\r\n<li>Angiographie coronaire<\/li>\r\n<\/ul>\r\n<\/p>\n                    <\/div>\n                <\/div>\n        <\/div>    <\/div>\n<\/section>\n\n<script>\n    document.querySelectorAll('#bienne-image-with-text-block-block_dce249955d96711d029ce223eae17983 .accordion-header').forEach(header => {\n        header.addEventListener('click', function() {\n            const item = this.parentElement;\n            const content = item.querySelector('.accordion-content');\n\n            if (item.classList.contains('active')) {\n                content.style.maxHeight = null;\n                item.classList.remove('active');\n                content.style.paddingBottom = '0px';\n            } else {\n                document.querySelectorAll('.accordion-item').forEach(i => {\n                    i.classList.remove('active');\n                    i.querySelector('.accordion-content').style.maxHeight = null;\n                    i.querySelector('.accordion-content').paddingBottom = '0px';\n                });\n                item.classList.add('active');\n                content.style.maxHeight = content.scrollHeight + 'px';\n                content.style.paddingBottom = '20px';\n            }\n        });\n    });\n<\/script><\/div>\n<\/div>\n\n\n\n<style>\n    .bienne-spacer-block#bienne-spacer-block_0c6d41851c611ac086cefcc2fef1debe {\n        height: 0px;\n    }\n\n    @media only screen and (max-width: 768px) {\n\n        .bienne-spacer-block#bienne-spacer-block_0c6d41851c611ac086cefcc2fef1debe {\n            height: 60px;\n        }\n    }\n\n    @media only screen and (max-width: 767px) {\n        .bienne-spacer-block#bienne-spacer-block_0c6d41851c611ac086cefcc2fef1debe {\n            height: 60px;\n        }\n    }\n<\/style>\n\n<div class=\"bienne-spacer-block\" id=\"bienne-spacer-block_0c6d41851c611ac086cefcc2fef1debe\">\n<\/div>\n\n\n<div class=\"wp-block-columns is-layout-flex wp-container-core-columns-is-layout-28f84493 wp-block-columns-is-layout-flex\">\n<div class=\"wp-block-column is-layout-flow wp-block-column-is-layout-flow\">\n<style>\n    .bienne-info-grid-block#bienne-info-grid-block-block_d6960a5064a2c1746756a4082b3bf162 {\n        background-color: ;\n    }\n\n    .bienne-info-grid-block#bienne-info-grid-block-block_d6960a5064a2c1746756a4082b3bf162 .info-grid-wrap .info-grid {\n        grid-template-columns: repeat(1, minmax(0, 1fr));\n    }\n\n    @media only screen and (min-width: 768px) {\n        .bienne-info-grid-block#bienne-info-grid-block-block_d6960a5064a2c1746756a4082b3bf162 .info-grid-wrap .info-grid {\n            grid-template-columns: repeat(2, minmax(0, 1fr));\n        }\n    }\n\n    @media only screen and (min-width: 1001px) {\n        .bienne-info-grid-block#bienne-info-grid-block-block_d6960a5064a2c1746756a4082b3bf162 .info-grid-wrap .info-grid {\n            grid-template-columns: repeat(2, minmax(0, 1fr));\n        }\n    }\n<\/style>\n\n<section class=\"bienne-info-grid-block\" id=\"bienne-info-grid-block-block_d6960a5064a2c1746756a4082b3bf162\">\n            <div class=\"info-grid-wrap\">\n            <div class=\"info-top\">\n                <h4>Traitement<\/h4>            <\/div>\n            <div class=\"info-grid\">\n                                    <div class=\"grid-item\">\n                        <h5>Angine de poitrine<\/h5><p>la crise est soulag\u00e9e par la nitroglyc\u00e9rine<\/p>                    <\/div>\n                                    <div class=\"grid-item\">\n                        <h5>Art\u00e9rioscl\u00e9rose<\/h5><p>traitement m\u00e9dicamenteux<\/p>                    <\/div>\n                                    <div class=\"grid-item\">\n                        <h5>Maladie coronarienne<\/h5><p>dilatation des vaisseaux cardiaques par cath\u00e9ter \u00e0 ballonnet et pose d&rsquo;un stent ou pontage<\/p>                    <\/div>\n                                    <div class=\"grid-item\">\n                        <h5>R\u00e9duire\/traiter les facteurs de risque<\/h5><p>Arr\u00eater de fumer, r\u00e9duire le stress, perte de poids, etc.<\/p>                    <\/div>\n                            <\/div>\n            <div class=\"info-bot\">\n                <p><p>Un traitement efficace consiste en une bonne compliance du patient avec un traitement m\u00e9dicamenteux ajust\u00e9 de mani\u00e8re optimale, un mode de vie sain et des contr\u00f4les de routine r\u00e9guliers.<\/p>\n<\/p>\n            <\/div>\n        <\/div>\n    <\/section><\/div>\n<\/div>\n\n\n\n<style>\n    .bienne-spacer-block#bienne-spacer-block_0c6d41851c611ac086cefcc2fef1debe {\n        height: 0px;\n    }\n\n    @media only screen and (max-width: 768px) {\n\n        .bienne-spacer-block#bienne-spacer-block_0c6d41851c611ac086cefcc2fef1debe {\n            height: 60px;\n        }\n    }\n\n    @media only screen and (max-width: 767px) {\n        .bienne-spacer-block#bienne-spacer-block_0c6d41851c611ac086cefcc2fef1debe {\n            height: 60px;\n        }\n    }\n<\/style>\n\n<div class=\"bienne-spacer-block\" id=\"bienne-spacer-block_0c6d41851c611ac086cefcc2fef1debe\">\n<\/div>\n\n\n<div class=\"wp-block-columns is-layout-flex wp-container-core-columns-is-layout-28f84493 wp-block-columns-is-layout-flex\">\n<div class=\"wp-block-column is-layout-flow wp-block-column-is-layout-flow\">\n<style>\n\t.bienne-image-with-text-block .accordion-content ul {\n        padding-left: 20px;\n    }\n    .bienne-image-with-text-block .accordion-content ul li::before {\n        content: \"- \";\n        position: absolute;\n        margin-left: -20px;\n    }\n    .bienne-image-with-text-block .accordion-content ul li {\n        position: relative;\n    }\n    #bienne-image-with-text-block-block_c4d34f89aa74af52b012364da9a34f41.bienne-image-with-text-block {\n            }\n\n    #bienne-image-with-text-block-block_c4d34f89aa74af52b012364da9a34f41.bienne-image-with-text-block {flex-direction: row;}\n    @media only screen and (min-width: 1000px) {\n        #bienne-image-with-text-block-block_c4d34f89aa74af52b012364da9a34f41.bienne-image-with-text-block#bienne-image-with-text-block-block_c4d34f89aa74af52b012364da9a34f41 {\n            gap: 82px;\n        }\n    }\n\n    @media only screen and (max-width: 1000px) {\n        #bienne-image-with-text-block-block_c4d34f89aa74af52b012364da9a34f41.bienne-image-with-text-block#bienne-image-with-text-block-block_c4d34f89aa74af52b012364da9a34f41 {\n            gap: 40px;\n        }\n\n        #bienne-image-with-text-block-block_c4d34f89aa74af52b012364da9a34f41.bienne-image-with-text-block {flex-direction: column;}    }\n\n    @media only screen and (max-width: 767px) {\n        #bienne-image-with-text-block-block_c4d34f89aa74af52b012364da9a34f41.bienne-image-with-text-block {flex-direction: column;}    }\n\n    @media only screen and (max-width: 575px) {\n        #bienne-image-with-text-block-block_c4d34f89aa74af52b012364da9a34f41.bienne-image-with-text-block#bienne-image-with-text-block-block_c4d34f89aa74af52b012364da9a34f41 {\n            gap: px;\n        }\n    }\n<\/style>\n\n<section class=\"bienne-image-with-text-block\" id=\"bienne-image-with-text-block-block_c4d34f89aa74af52b012364da9a34f41\">\n    <div class=\"content-image\">\n        <img decoding=\"async\" src=\"https:\/\/acb.ch\/wp-content\/uploads\/2025\/04\/schmerzen.jpg\">\n    <\/div>\n    <div class=\"content-text\">\n        <div class=\"the-title\"><h4>Sympt\u00f4mes<\/h4><\/div><div class=\"the-checklist\"><ul><li>Sensation d&rsquo;oppression dans la cage thoracique<\/li><li>Douleur oppressante dans la poitrine, le cou, la nuque, la m\u00e2choire, etc.<\/li><li>Sueurs avec sueurs froides<\/li><li>Naus\u00e9es et vomissements<\/li><li>Vertiges<\/li><li>Essoufflement\/d\u00e9tresse respiratoire<\/li><li>Agitation, sentiment d&rsquo;oppression ou m\u00eame peur de la mort<\/li><\/ul><\/div>    <\/div>\n<\/section>\n\n<script>\n    document.querySelectorAll('#bienne-image-with-text-block-block_c4d34f89aa74af52b012364da9a34f41 .accordion-header').forEach(header => {\n        header.addEventListener('click', function() {\n            const item = this.parentElement;\n            const content = item.querySelector('.accordion-content');\n\n            if (item.classList.contains('active')) {\n                content.style.maxHeight = null;\n                item.classList.remove('active');\n                content.style.paddingBottom = '0px';\n            } else {\n                document.querySelectorAll('.accordion-item').forEach(i => {\n                    i.classList.remove('active');\n                    i.querySelector('.accordion-content').style.maxHeight = null;\n                    i.querySelector('.accordion-content').paddingBottom = '0px';\n                });\n                item.classList.add('active');\n                content.style.maxHeight = content.scrollHeight + 'px';\n                content.style.paddingBottom = '20px';\n            }\n        });\n    });\n<\/script><\/div>\n<\/div>\n","protected":false},"excerpt":{"rendered":"","protected":false},"author":3,"featured_media":0,"parent":1449,"menu_order":0,"comment_status":"closed","ping_status":"closed","template":"","meta":{"_acf_changed":false,"footnotes":""},"class_list":["post-1447","page","type-page","status-publish","hentry"],"acf":[],"_links":{"self":[{"href":"https:\/\/acb.ch\/fr\/wp-json\/wp\/v2\/pages\/1447","targetHints":{"allow":["GET"]}}],"collection":[{"href":"https:\/\/acb.ch\/fr\/wp-json\/wp\/v2\/pages"}],"about":[{"href":"https:\/\/acb.ch\/fr\/wp-json\/wp\/v2\/types\/page"}],"author":[{"embeddable":true,"href":"https:\/\/acb.ch\/fr\/wp-json\/wp\/v2\/users\/3"}],"replies":[{"embeddable":true,"href":"https:\/\/acb.ch\/fr\/wp-json\/wp\/v2\/comments?post=1447"}],"version-history":[{"count":1,"href":"https:\/\/acb.ch\/fr\/wp-json\/wp\/v2\/pages\/1447\/revisions"}],"predecessor-version":[{"id":1848,"href":"https:\/\/acb.ch\/fr\/wp-json\/wp\/v2\/pages\/1447\/revisions\/1848"}],"up":[{"embeddable":true,"href":"https:\/\/acb.ch\/fr\/wp-json\/wp\/v2\/pages\/1449"}],"wp:attachment":[{"href":"https:\/\/acb.ch\/fr\/wp-json\/wp\/v2\/media?parent=1447"}],"curies":[{"name":"wp","href":"https:\/\/api.w.org\/{rel}","templated":true}]}}