{"id":1449,"date":"2025-04-10T13:08:26","date_gmt":"2025-04-10T13:08:26","guid":{"rendered":"https:\/\/acb.ch\/pour-les-patientes\/"},"modified":"2025-05-14T11:24:44","modified_gmt":"2025-05-14T11:24:44","slug":"pour-les-patientes","status":"publish","type":"page","link":"https:\/\/acb.ch\/fr\/pour-les-patientes\/","title":{"rendered":"Pour les patient(e)s"},"content":{"rendered":"\n<style>\n    #bienne-hero-block_f3f3bd489e91c08386558194c37b5764.bienne-hero-block .hero-wrapper .img-hero-section img {\n        max-height: 545px;\n        height: 545px;\n    }\n\n    #bienne-hero-block_f3f3bd489e91c08386558194c37b5764.img-content-wrapper {\n        background-color: #991838;\n    }\n\n    #bienne-hero-block_f3f3bd489e91c08386558194c37b5764.pre-title {\n        color: #991838;\n    }\n\n    @media only screen and (max-width: 1000px) {\n        #bienne-hero-block_f3f3bd489e91c08386558194c37b5764.bienne-hero-block .hero-wrapper .img-hero-section img {\n            max-height: 385px;\n            height: 385px;\n        }\n    }\n\n    @media only screen and (max-width: 767px) {\n        #bienne-hero-block_f3f3bd489e91c08386558194c37b5764.bienne-hero-block .hero-wrapper .img-hero-section img {\n            max-height: 320px;\n            height: 320px;\n        }\n    }\n<\/style>\n\n<div class=\"bienne-hero-block\" id=\"bienne-hero-block_f3f3bd489e91c08386558194c37b5764\">\n    <div class=\"hero-wrapper\">\n\n        <div class=\"img-hero-section\">\n                            <img decoding=\"async\" src=\"https:\/\/acb.ch\/wp-content\/uploads\/2025\/04\/header_fuerpatienten.jpg\" alt=\"\">\n                    <\/div>\n\n        <div class=\"content-hero-section\">\n            \n            <div class=\"description-wrapper\">\n                <div class=\"description-section\">\n                                            <h6 class=\"pre-title\">Informations importantes<\/h6>\n                    \n                                            <h3 class=\"title\">pour les patient(e)s<\/h3>\n                    \n                                    <\/div>\n            <\/div>\n        <\/div>\n\n    <\/div>\n<\/div>\n\n<script>\n    (function($) {\n        $(document).ready(function() {\n            \/\/ Function to adjust the padding based on content height\n            function adjustHeroPadding() {\n                var contentHeight = $('#bienne-hero-block_f3f3bd489e91c08386558194c37b5764 .content-hero-section').outerHeight();\n\t\t\t\tvar finalContentHeight = $(window).width() > 768 ? contentHeight * 85 \/ 100 : contentHeight; \n                $('#bienne-hero-block_f3f3bd489e91c08386558194c37b5764 .hero-wrapper').css('margin-bottom', finalContentHeight + 'px');\n            }\n            \n            \/\/ Run on page load\n            adjustHeroPadding();\n            \n            \/\/ Run on window resize\n            $(window).resize(function() {\n                adjustHeroPadding();\n            });\n        });\n    })(jQuery);\n<\/script>\n\n\n<style>\n\t.bienne-image-with-text-block .accordion-content ul {\n        padding-left: 20px;\n    }\n    .bienne-image-with-text-block .accordion-content ul li::before {\n        content: \"- \";\n        position: absolute;\n        margin-left: -20px;\n    }\n    .bienne-image-with-text-block .accordion-content ul li {\n        position: relative;\n    }\n    #bienne-image-with-text-block-block_77bb16a0f60029813aedd6bd652f8e33.bienne-image-with-text-block {\n            }\n\n    #bienne-image-with-text-block-block_77bb16a0f60029813aedd6bd652f8e33.bienne-image-with-text-block {flex-direction: row;}\n    @media only screen and (min-width: 1000px) {\n        #bienne-image-with-text-block-block_77bb16a0f60029813aedd6bd652f8e33.bienne-image-with-text-block#bienne-image-with-text-block-block_77bb16a0f60029813aedd6bd652f8e33 {\n            gap: 82px;\n        }\n    }\n\n    @media only screen and (max-width: 1000px) {\n        #bienne-image-with-text-block-block_77bb16a0f60029813aedd6bd652f8e33.bienne-image-with-text-block#bienne-image-with-text-block-block_77bb16a0f60029813aedd6bd652f8e33 {\n            gap: 40px;\n        }\n\n        #bienne-image-with-text-block-block_77bb16a0f60029813aedd6bd652f8e33.bienne-image-with-text-block {flex-direction: column;}    }\n\n    @media only screen and (max-width: 767px) {\n        #bienne-image-with-text-block-block_77bb16a0f60029813aedd6bd652f8e33.bienne-image-with-text-block {flex-direction: column;}    }\n\n    @media only screen and (max-width: 575px) {\n        #bienne-image-with-text-block-block_77bb16a0f60029813aedd6bd652f8e33.bienne-image-with-text-block#bienne-image-with-text-block-block_77bb16a0f60029813aedd6bd652f8e33 {\n            gap: px;\n        }\n    }\n<\/style>\n\n<section class=\"bienne-image-with-text-block with-padding-bottom\" id=\"bienne-image-with-text-block-block_77bb16a0f60029813aedd6bd652f8e33\">\n    <div class=\"content-image\">\n        <img decoding=\"async\" src=\"https:\/\/acb.ch\/wp-content\/uploads\/2025\/04\/praxis.jpg\">\n    <\/div>\n    <div class=\"content-text\">\n        <div class=\"the-title\"><h4>Notre pratique<\/h4><\/div><div class=\"the-text\"><p>Vous trouverez notre cabinet r\u00e9cent et spacieux directement \u00e0 la gare de Bienne. Notre site vous offre non seulement une situation centrale, mais aussi une infrastructure compl\u00e8te et moderne. <\/p>\n<p>Nous sommes ouverts du lundi au vendredi de 08:00-12:00 heures et de 13:00-17:00 heures \u00e0 votre disposition pour vous offrir les meilleurs soins m\u00e9dicaux possibles. Si vous avez des questions ou si vous souhaitez prendre rendez-vous, n\u2019h\u00e9sitez pas \u00e0 nous contacter. Nous nous ferons un plaisir de vous aider.  <\/p>\n<\/div><div class=\"the-button\"><a href=\"\/fr\/contact\">Contactez-nous<\/a><\/div>    <\/div>\n<\/section>\n\n<script>\n    document.querySelectorAll('#bienne-image-with-text-block-block_77bb16a0f60029813aedd6bd652f8e33 .accordion-header').forEach(header => {\n        header.addEventListener('click', function() {\n            const item = this.parentElement;\n            const content = item.querySelector('.accordion-content');\n\n            if (item.classList.contains('active')) {\n                content.style.maxHeight = null;\n                item.classList.remove('active');\n                content.style.paddingBottom = '0px';\n            } else {\n                document.querySelectorAll('.accordion-item').forEach(i => {\n                    i.classList.remove('active');\n                    i.querySelector('.accordion-content').style.maxHeight = null;\n                    i.querySelector('.accordion-content').paddingBottom = '0px';\n                });\n                item.classList.add('active');\n                content.style.maxHeight = content.scrollHeight + 'px';\n                content.style.paddingBottom = '20px';\n            }\n        });\n    });\n<\/script>\n\n\n<style>\n    #bienne-grid-block-block_9cbceda82b0bb921f83fe80f9bd6017e a.grid-item {\n        background-color: #F6F6F6;\n    }\n\n    #bienne-grid-block-block_9cbceda82b0bb921f83fe80f9bd6017e .grid-item .grid-item-content .list-small-img .item-small-img {\n        background-color: #9B1938;\n    }\n\n    #bienne-grid-block-block_9cbceda82b0bb921f83fe80f9bd6017e .grid-item .grid-item-content h5 {\n        color: #E40515;\n    }\n<\/style>\n\n<!--contact-->\n<div class=\"bienne-grid-block\" id=\"bienne-grid-block-block_9cbceda82b0bb921f83fe80f9bd6017e\">\n                                    <a href=\"\/fr\/pour-les-patientes\/angine-de-poitrine\/\" target=\"\" class=\"grid-item without-icon\">\n                <img decoding=\"async\" src=\"https:\/\/acb.ch\/wp-content\/uploads\/2025\/04\/teaser_anginapectoris.jpg\" alt=\"\">\n                <div class=\"grid-item-content\">\n                                        <h5>Angine de poitrine<\/h5>\n                    <div class=\"description\">\n                                            <\/div>\n                    \n                <\/div>\n            <\/a>\n                                <a href=\"\/fr\/pour-les-patientes\/coronarographie\/\" target=\"\" class=\"grid-item without-icon\">\n                <img decoding=\"async\" src=\"https:\/\/acb.ch\/wp-content\/uploads\/2025\/04\/teaser_herzkrankheit.jpg\" alt=\"\">\n                <div class=\"grid-item-content\">\n                                        <h5>Coronarographie<\/h5>\n                    <div class=\"description\">\n                                            <\/div>\n                    \n                <\/div>\n            <\/a>\n                                <a href=\"\/fr\/pour-les-patientes\/fibrillation-auriculaire\/\" target=\"\" class=\"grid-item without-icon\">\n                <img decoding=\"async\" src=\"https:\/\/acb.ch\/wp-content\/uploads\/2025\/04\/teaser_vorhofflimmern.jpg\" alt=\"\">\n                <div class=\"grid-item-content\">\n                                        <h5>Fibrillation auriculaire<\/h5>\n                    <div class=\"description\">\n                                            <\/div>\n                    \n                <\/div>\n            <\/a>\n                                <a href=\"\/fr\/pour-les-patientes\/hyperlipidemie\/\" target=\"\" class=\"grid-item without-icon\">\n                <img decoding=\"async\" src=\"https:\/\/acb.ch\/wp-content\/uploads\/2025\/04\/teaser_blutfettwerte.jpg\" alt=\"\">\n                <div class=\"grid-item-content\">\n                                        <h5>Hyperlipid\u00e9mie<\/h5>\n                    <div class=\"description\">\n                                            <\/div>\n                    \n                <\/div>\n            <\/a>\n                                <a href=\"\/fr\/pour-les-patientes\/hypertension-arterielle\/\" target=\"\" class=\"grid-item without-icon\">\n                <img decoding=\"async\" src=\"https:\/\/acb.ch\/wp-content\/uploads\/2025\/04\/teaser_bluthochdruck.jpg\" alt=\"\">\n                <div class=\"grid-item-content\">\n                                        <h5>Hypertension art\u00e9rielle<\/h5>\n                    <div class=\"description\">\n                                            <\/div>\n                    \n                <\/div>\n            <\/a>\n                                <a href=\"\/fr\/pour-les-patientes\/pontage-aortocoronarien\/\" target=\"\" class=\"grid-item without-icon\">\n                <img decoding=\"async\" src=\"https:\/\/acb.ch\/wp-content\/uploads\/2025\/04\/teaser_herzkrankheit.jpg\" alt=\"\">\n                <div class=\"grid-item-content\">\n                                        <h5>Pontage aortocoronarien <\/h5>\n                    <div class=\"description\">\n                                            <\/div>\n                    \n                <\/div>\n            <\/a>\n                                <a href=\"\/fr\/pour-les-patientes\/stimulateur-cardiaque\/\" target=\"\" class=\"grid-item without-icon\">\n                <img decoding=\"async\" src=\"https:\/\/acb.ch\/wp-content\/uploads\/2025\/04\/teaser_herzschittmacher.jpg\" alt=\"\">\n                <div class=\"grid-item-content\">\n                                        <h5>Stimulateur cardiaque<\/h5>\n                    <div class=\"description\">\n                                            <\/div>\n                    \n                <\/div>\n            <\/a>\n            <\/div>","protected":false},"excerpt":{"rendered":"","protected":false},"author":5,"featured_media":0,"parent":0,"menu_order":0,"comment_status":"closed","ping_status":"closed","template":"","meta":{"_acf_changed":false,"footnotes":""},"class_list":["post-1449","page","type-page","status-publish","hentry"],"acf":[],"_links":{"self":[{"href":"https:\/\/acb.ch\/fr\/wp-json\/wp\/v2\/pages\/1449","targetHints":{"allow":["GET"]}}],"collection":[{"href":"https:\/\/acb.ch\/fr\/wp-json\/wp\/v2\/pages"}],"about":[{"href":"https:\/\/acb.ch\/fr\/wp-json\/wp\/v2\/types\/page"}],"author":[{"embeddable":true,"href":"https:\/\/acb.ch\/fr\/wp-json\/wp\/v2\/users\/5"}],"replies":[{"embeddable":true,"href":"https:\/\/acb.ch\/fr\/wp-json\/wp\/v2\/comments?post=1449"}],"version-history":[{"count":1,"href":"https:\/\/acb.ch\/fr\/wp-json\/wp\/v2\/pages\/1449\/revisions"}],"predecessor-version":[{"id":1847,"href":"https:\/\/acb.ch\/fr\/wp-json\/wp\/v2\/pages\/1449\/revisions\/1847"}],"wp:attachment":[{"href":"https:\/\/acb.ch\/fr\/wp-json\/wp\/v2\/media?parent=1449"}],"curies":[{"name":"wp","href":"https:\/\/api.w.org\/{rel}","templated":true}]}}